{"id":42553,"date":"2021-05-27T12:52:12","date_gmt":"2021-05-27T10:52:12","guid":{"rendered":"http:\/\/mvsevm.it\/?page_id=42553"},"modified":"2021-11-03T09:17:34","modified_gmt":"2021-11-03T08:17:34","slug":"faq","status":"publish","type":"page","link":"https:\/\/www.mvsevm.it\/es\/faq\/","title":{"rendered":"FAQ"},"content":{"rendered":"\t\t<div data-elementor-type=\"wp-page\" data-elementor-id=\"42553\" class=\"elementor elementor-42553 elementor-42551\" data-elementor-post-type=\"page\">\n\t\t\t\t\t\t<div class=\"elementor-inner\">\n\t\t\t\t<div class=\"elementor-section-wrap\">\n\t\t\t\t\t\t\t\t\t<section class=\"has_ma_el_bg_slider elementor-section elementor-top-section elementor-element elementor-element-69700939 elementor-section-boxed elementor-section-height-default elementor-section-height-default jltma-glass-effect-no\" data-id=\"69700939\" data-element_type=\"section\">\n\t\t\t\t\t\t<div class=\"elementor-container elementor-column-gap-default\">\n\t\t\t\t\t\t\t<div class=\"elementor-row\">\n\t\t\t\t\t<div class=\"has_ma_el_bg_slider elementor-column elementor-col-100 elementor-top-column elementor-element elementor-element-10af6287 jltma-glass-effect-no\" data-id=\"10af6287\" data-element_type=\"column\">\n\t\t\t<div class=\"elementor-column-wrap elementor-element-populated\">\n\t\t\t\t\t\t\t<div class=\"elementor-widget-wrap\">\n\t\t\t\t\t\t<div class=\"elementor-element elementor-element-8cc5ed7 jltma-glass-effect-no elementor-widget elementor-widget-ma-advanced-accordion\" data-id=\"8cc5ed7\" data-element_type=\"widget\" data-settings=\"{&quot;accordion_type&quot;:&quot;accordion&quot;,&quot;toggle_speed&quot;:300}\" data-widget_type=\"ma-advanced-accordion.default\">\n\t\t\t\t<div class=\"elementor-widget-container\">\n\t\t\t\n\t\t<div class=\"jltma-advanced-accordion\" id=\"jltma-advanced-accordion-8cc5ed7\" data-accordion-id=\"8cc5ed7\" data-accordion-id=\"8cc5ed7\">\n\t\t\t<div class=\"ma-accordion-wrap ma-accordion-icon-align-right ma-accordion-8cc5ed7\">\n\n\t\t\t\t\n\t\t\t\t\t<div class=\"jltma-accordion-item \">\n\t\t\t\t\t\t<div id=\"jltma-accordion-tab-title-1471\" class=\"jltma-accordion-tab-title jltma-accordion-header\" tabindex=\"1471\" data-tab=\"1\" role=\"tab\" aria-controls=\"jltma-accordion-tab-content-1471\">\n\t\t\t\t\t\t\t<div class=\"jltma-accordion-title-icon\">\n\n\t\t\t\t\t\t\t\t\n\t\t\t\t\t\t\t\t<div class=\"jltma-accordion-title-text\">\n\t\t\t\t\t\t\t\t\t\u00bfC\u00f3mo se limpia el revestimiento en piel?\t\t\t\t\t\t\t\t<\/div>\n\t\t\t\t\t\t\t<\/div>\n\n\t\t\t\t\t\t\t\t\t\t\t\t\t\t\t\t<span class=\"jltma-accordion-toggle-icon\">\n\t\t\t\t\t\t\t\t\t\t<i class=\"jltma-el-accordion-icon-closed fas fa-minus\" aria-hidden=\"true\"><\/i>\t\t\t\t\t\t\t\t\t\t<i class=\"jltma-el-accordion-icon-opened fas fa-plus\" aria-hidden=\"true\"><\/i>\t\t\t\t\t\t\t\t\t<\/span>\n\t\t\t\t\t\t\t\n\t\t\t\t\t\t<\/div>\n\n\t\t\t\t\t\t<div id=\"jltma-accordion-tab-content-1471\" class=\"jltma-accordion-tab-content\" data-tab=\"1\" role=\"tabpanel\" aria-labelledby=\"jltma-accordion-tab-title-1471\">\n\t\t\t\t\t\t\tPiel<br>\nPara mantener intacto en el tiempo el revestimiento en piel se pueden llevar a cabo con regularidad algunas operaciones de limpieza y mantenimiento. Limpiar regularmente con agua y jab\u00f3n neutro y aplicar de manera uniforme sobre toda la superficie en piel una crema nutritiva, ya que la crema satura la piel retrasando la absorci\u00f3n de las manchas. No usar trapos de microfibra ya que \u00e9stos remueven la grasa y pueden da\u00f1ar la piel. Aconsejamos usar la crema nutritiva una o dos veces por a\u00f1o (cada vez que la piel se muestra seca). Para eliminar eventuales manchas, hay que utilizar un pa\u00f1uelo de papel o un pa\u00f1o de algod\u00f3n. No restregar. Presionar un pa\u00f1o contra la mancha para absorber la grasa y usar un detergente delicado disuelto en el agua para eliminar eventuales halos.\n<br><br>\nPiel encerada<br>\nPara eliminar eventuales manchas de la piel encerada, hay que usar un pa\u00f1o limpio embebido en una soluci\u00f3n de agua al 90% y jab\u00f3n neutro sin color al 10%. Refregar delicadamente y secar con otro pa\u00f1o suave, seco y limpio.\n<br><br>\nPiel nobuk<br>\nQuitar el polvo peri\u00f3dicamente con un pa\u00f1o blanco limpio, seco y no abrasivo. En caso de manchas causadas por sustancias solubles en agua (bebidas, caf\u00e9, t\u00e9, leche, mermelada): eliminar r\u00e1pidamente el l\u00edquido de la superficie secando con un pa\u00f1o blanco (o papel absorbente) no abrasivo. Sucesivamente, con un pa\u00f1o limpio embebido en agua, refregar delicadamente desde el exterior hacia el interior de la mancha. Secar inmediatamente con un pa\u00f1o limpio. No empapar la superficie de la piel y secar inmediatamente con un pa\u00f1o seco.\n<br><br>\nPotro<br>\nPara mantener el pelo limpio, cepillarlo de vez en cuando con un cepillo blando siguiendo el sentido del pelo. Para eliminar eventuales manchas usar un pa\u00f1o de algod\u00f3n embebido en agua y jab\u00f3n neutro y refregar delicadamente siempre en el sentido del pelo, secar luego con un pa\u00f1o absorbente.\t\t\t\t\t\t<\/div>\n\n\t\t\t\t\t<\/div>\n\t\t\t\t\n\t\t\t\t\t<div class=\"jltma-accordion-item \">\n\t\t\t\t\t\t<div id=\"jltma-accordion-tab-title-1472\" class=\"jltma-accordion-tab-title jltma-accordion-header\" tabindex=\"1472\" data-tab=\"2\" role=\"tab\" aria-controls=\"jltma-accordion-tab-content-1472\">\n\t\t\t\t\t\t\t<div class=\"jltma-accordion-title-icon\">\n\n\t\t\t\t\t\t\t\t\n\t\t\t\t\t\t\t\t<div class=\"jltma-accordion-title-text\">\n\t\t\t\t\t\t\t\t\tCome si pulisce il rivestimento in tessuto ? \t\t\t\t\t\t\t\t<\/div>\n\t\t\t\t\t\t\t<\/div>\n\n\t\t\t\t\t\t\t\t\t\t\t\t\t\t\t\t<span class=\"jltma-accordion-toggle-icon\">\n\t\t\t\t\t\t\t\t\t\t<i class=\"jltma-el-accordion-icon-closed fas fa-minus\" aria-hidden=\"true\"><\/i>\t\t\t\t\t\t\t\t\t\t<i class=\"jltma-el-accordion-icon-opened fas fa-plus\" aria-hidden=\"true\"><\/i>\t\t\t\t\t\t\t\t\t<\/span>\n\t\t\t\t\t\t\t\n\t\t\t\t\t\t<\/div>\n\n\t\t\t\t\t\t<div id=\"jltma-accordion-tab-content-1472\" class=\"jltma-accordion-tab-content\" data-tab=\"2\" role=\"tabpanel\" aria-labelledby=\"jltma-accordion-tab-title-1472\">\n\t\t\t\t\t\t\tDi tanto in tanto \u00e8 consigliabile spazzolare il rivestimento in tessuto con una spazzola morbida. Per le operazioni di lavaggio, asciugatura e stiratura, vi consigliamo di attenervi strettamente alle indicazioni di manutenzione esattamente come sono state riportate sul nostro campionario. In caso di macchie, va evitato l\u2019uso di prodotti chimici, solventi, o altro, e va indirizzato il prodotto esclusivamente ad un laboratorio di pulitura qualificato.\t\t\t\t\t\t<\/div>\n\n\t\t\t\t\t<\/div>\n\t\t\t\t\n\t\t\t\t\t<div class=\"jltma-accordion-item \">\n\t\t\t\t\t\t<div id=\"jltma-accordion-tab-title-1473\" class=\"jltma-accordion-tab-title jltma-accordion-header\" tabindex=\"1473\" data-tab=\"3\" role=\"tab\" aria-controls=\"jltma-accordion-tab-content-1473\">\n\t\t\t\t\t\t\t<div class=\"jltma-accordion-title-icon\">\n\n\t\t\t\t\t\t\t\t\n\t\t\t\t\t\t\t\t<div class=\"jltma-accordion-title-text\">\n\t\t\t\t\t\t\t\t\t\u00bfC\u00f3mo se limpia el revestimiento en tejido?\t\t\t\t\t\t\t\t<\/div>\n\t\t\t\t\t\t\t<\/div>\n\n\t\t\t\t\t\t\t\t\t\t\t\t\t\t\t\t<span class=\"jltma-accordion-toggle-icon\">\n\t\t\t\t\t\t\t\t\t\t<i class=\"jltma-el-accordion-icon-closed fas fa-minus\" aria-hidden=\"true\"><\/i>\t\t\t\t\t\t\t\t\t\t<i class=\"jltma-el-accordion-icon-opened fas fa-plus\" aria-hidden=\"true\"><\/i>\t\t\t\t\t\t\t\t\t<\/span>\n\t\t\t\t\t\t\t\n\t\t\t\t\t\t<\/div>\n\n\t\t\t\t\t\t<div id=\"jltma-accordion-tab-content-1473\" class=\"jltma-accordion-tab-content\" data-tab=\"3\" role=\"tabpanel\" aria-labelledby=\"jltma-accordion-tab-title-1473\">\n\t\t\t\t\t\t\tDe vez en cuando es aconsejable cepillar el revestimiento en tejido con un cepillo blando. Para el lavado, el secado y el planchado les aconsejamos seguir estrictamente las indicaciones de mantenimiento tal como se ilustra en nuestro muestrario. En caso de manchas, hay que evitar el uso de productos qu\u00edmicos, solventes, u otros, y el producto debe ser llevado exclusivamente a un laboratorio de limpieza cualificado.\t\t\t\t\t\t<\/div>\n\n\t\t\t\t\t<\/div>\n\t\t\t\t\n\t\t\t\t\t<div class=\"jltma-accordion-item \">\n\t\t\t\t\t\t<div id=\"jltma-accordion-tab-title-1474\" class=\"jltma-accordion-tab-title jltma-accordion-header\" tabindex=\"1474\" data-tab=\"4\" role=\"tab\" aria-controls=\"jltma-accordion-tab-content-1474\">\n\t\t\t\t\t\t\t<div class=\"jltma-accordion-title-icon\">\n\n\t\t\t\t\t\t\t\t\n\t\t\t\t\t\t\t\t<div class=\"jltma-accordion-title-text\">\n\t\t\t\t\t\t\t\t\t\u00bfC\u00f3mo se limpia el cuero?\t\t\t\t\t\t\t\t<\/div>\n\t\t\t\t\t\t\t<\/div>\n\n\t\t\t\t\t\t\t\t\t\t\t\t\t\t\t\t<span class=\"jltma-accordion-toggle-icon\">\n\t\t\t\t\t\t\t\t\t\t<i class=\"jltma-el-accordion-icon-closed fas fa-minus\" aria-hidden=\"true\"><\/i>\t\t\t\t\t\t\t\t\t\t<i class=\"jltma-el-accordion-icon-opened fas fa-plus\" aria-hidden=\"true\"><\/i>\t\t\t\t\t\t\t\t\t<\/span>\n\t\t\t\t\t\t\t\n\t\t\t\t\t\t<\/div>\n\n\t\t\t\t\t\t<div id=\"jltma-accordion-tab-content-1474\" class=\"jltma-accordion-tab-content\" data-tab=\"4\" role=\"tabpanel\" aria-labelledby=\"jltma-accordion-tab-title-1474\">\n\t\t\t\t\t\t\tLimpiar delicadamente la superficie utilizando algod\u00f3n o alg\u00fan otro pa\u00f1o limpio embebido en una soluci\u00f3n al 5% de detergente neutro para lana. Eliminar bien cualquier rastro de detergente con un pa\u00f1o h\u00famedo, una vez seco aplicar un protectivo para cuero. Si la superficie en cuero se moja, secarla lo m\u00e1s r\u00e1pido posible con un pa\u00f1o suave y seco. El cuero puede da\u00f1arse utilizando cepillos de nylon u otras fibras sint\u00e9ticas, solventes como alcohol, nafta o \u00e1cidos alcalinos. Evitar el contacto con l\u00edquidos oleosos.\t\t\t\t\t\t<\/div>\n\n\t\t\t\t\t<\/div>\n\t\t\t\t\n\t\t\t\t\t<div class=\"jltma-accordion-item \">\n\t\t\t\t\t\t<div id=\"jltma-accordion-tab-title-1475\" class=\"jltma-accordion-tab-title jltma-accordion-header\" tabindex=\"1475\" data-tab=\"5\" role=\"tab\" aria-controls=\"jltma-accordion-tab-content-1475\">\n\t\t\t\t\t\t\t<div class=\"jltma-accordion-title-icon\">\n\n\t\t\t\t\t\t\t\t\n\t\t\t\t\t\t\t\t<div class=\"jltma-accordion-title-text\">\n\t\t\t\t\t\t\t\t\t\u00bfC\u00f3mo puedo proteger las superficies de m\u00e1rmol?\t\t\t\t\t\t\t\t<\/div>\n\t\t\t\t\t\t\t<\/div>\n\n\t\t\t\t\t\t\t\t\t\t\t\t\t\t\t\t<span class=\"jltma-accordion-toggle-icon\">\n\t\t\t\t\t\t\t\t\t\t<i class=\"jltma-el-accordion-icon-closed fas fa-minus\" aria-hidden=\"true\"><\/i>\t\t\t\t\t\t\t\t\t\t<i class=\"jltma-el-accordion-icon-opened fas fa-plus\" aria-hidden=\"true\"><\/i>\t\t\t\t\t\t\t\t\t<\/span>\n\t\t\t\t\t\t\t\n\t\t\t\t\t\t<\/div>\n\n\t\t\t\t\t\t<div id=\"jltma-accordion-tab-content-1475\" class=\"jltma-accordion-tab-content\" data-tab=\"5\" role=\"tabpanel\" aria-labelledby=\"jltma-accordion-tab-title-1475\">\n\t\t\t\t\t\t\tEl m\u00e1rmol es un material bello que la naturaleza ha creado tanto pr\u00e1ctico como funcional. Cada pieza de m\u00e1rmol es \u00fanica, no existen dos piezas iguales. De todas formas, el m\u00e1rmol requiere un razonable cuidado para protegerlo de las manchas, de la p\u00e9rdida de color, etc.\nMuchas personas piensan que el m\u00e1rmol es casi impenetrable. Al contrario, es un tipo de piedra calc\u00e1rea muy compacta y por lo tanto mucho m\u00e1s porosa de lo que parece. Por lo tanto, est\u00e1 sujeto a mancharse con muchas comidas, l\u00edquidos derramados y otros materiales de limpieza, especialmente si son dejados por un largo per\u00edodo de tiempo sobre la superficie. Los l\u00edquidos u otras sustancias incluso m\u00ednimamente \u00e1cidas pueden corroer, decolorar o da\u00f1ar en alg\u00fan modo el m\u00e1rmol. Cuando se apoyan vasos sobre las superficies de m\u00e1rmol, es aconsejable utilizar posavasos. El secreto para convivir con cualquier superficie de m\u00e1rmol consiste en cuidarla como se har\u00eda con la madera. En s\u00edntesis, protegerlo del calor y de materiales que pueden manchar o rayar la superficie. Usar manteles y posavasos y, en caso de derrames, limpiar siempre inmediatamente.\nCada fabricante italiano posee su m\u00e9todo individual de acabado de las superficies de m\u00e1rmol. Son pintados con tres estratos de poli\u00e9ster o pulidos con plomo (pulido natural) o con un acabado opaco para el Travertino. Todos estos procesos ayudan a proteger la superficie contra derrames y manchas.\n<br><br>\nEl mejor modo para mantener intacto el aspecto de cada superficie de m\u00e1rmol es el siguiente:\n\u2013 si la superficie tiene peque\u00f1as rayas, pasar un papel de lija # 1000 y luego lustrar con una buena cera para autos.\nsi su mesa est\u00e1 pulida al natural:\n\u2013 renovar peri\u00f3dicamente su brillo con un estrato de l\u00edquido anti-mancha suministrado por nosotros. La superficie puede ser lustrada tambi\u00e9n con una piel de gamuza y cera para autos en pasta o l\u00edquida.\t\t\t\t\t\t<\/div>\n\n\t\t\t\t\t<\/div>\n\t\t\t\t\n\t\t\t\t\t<div class=\"jltma-accordion-item \">\n\t\t\t\t\t\t<div id=\"jltma-accordion-tab-title-1476\" class=\"jltma-accordion-tab-title jltma-accordion-header\" tabindex=\"1476\" data-tab=\"6\" role=\"tab\" aria-controls=\"jltma-accordion-tab-content-1476\">\n\t\t\t\t\t\t\t<div class=\"jltma-accordion-title-icon\">\n\n\t\t\t\t\t\t\t\t\n\t\t\t\t\t\t\t\t<div class=\"jltma-accordion-title-text\">\n\t\t\t\t\t\t\t\t\t\u00bfC\u00f3mo se limpian las estructuras de metal?\t\t\t\t\t\t\t\t<\/div>\n\t\t\t\t\t\t\t<\/div>\n\n\t\t\t\t\t\t\t\t\t\t\t\t\t\t\t\t<span class=\"jltma-accordion-toggle-icon\">\n\t\t\t\t\t\t\t\t\t\t<i class=\"jltma-el-accordion-icon-closed fas fa-minus\" aria-hidden=\"true\"><\/i>\t\t\t\t\t\t\t\t\t\t<i class=\"jltma-el-accordion-icon-opened fas fa-plus\" aria-hidden=\"true\"><\/i>\t\t\t\t\t\t\t\t\t<\/span>\n\t\t\t\t\t\t\t\n\t\t\t\t\t\t<\/div>\n\n\t\t\t\t\t\t<div id=\"jltma-accordion-tab-content-1476\" class=\"jltma-accordion-tab-content\" data-tab=\"6\" role=\"tabpanel\" aria-labelledby=\"jltma-accordion-tab-title-1476\">\n\t\t\t\t\t\t\tPara la limpieza de los metales, pintados o pulidos, no utilicen productos qu\u00edmicos, abrasivos, solventes u otros, ya que se pueden rayar las superficies. Los cromados se pueden limpiar s\u00f3lo con productos espec\u00edficos.\t\t\t\t\t\t<\/div>\n\n\t\t\t\t\t<\/div>\n\t\t\t\t\t\t\t<\/div>\n\t\t<\/div>\n\t\t<\/div>\n\t\t\t\t<\/div>\n\t\t\t\t\t\t<\/div>\n\t\t\t\t\t<\/div>\n\t\t<\/div>\n\t\t\t\t\t\t\t\t<\/div>\n\t\t\t\t\t<\/div>\n\t\t<\/section>\n\t\t\t\t\t\t\t\t\t<\/div>\n\t\t\t<\/div>\n\t\t\t\t\t<\/div>\n\t\t","protected":false},"excerpt":{"rendered":"<p>\u00bfC\u00f3mo se limpia el revestimiento en piel? Piel Para mantener intacto en el tiempo el revestimiento en piel se pueden llevar a cabo con regularidad algunas operaciones de limpieza y mantenimiento. Limpiar regularmente con agua y jab\u00f3n neutro y aplicar de manera uniforme sobre toda la superficie en piel una crema nutritiva, ya que la [&hellip;]<\/p>\n","protected":false},"author":1,"featured_media":0,"parent":0,"menu_order":0,"comment_status":"closed","ping_status":"closed","template":"","meta":{"footnotes":""},"class_list":["post-42553","page","type-page","status-publish","hentry"],"yoast_head":"<!-- This site is optimized with the Yoast SEO plugin v25.2 - https:\/\/yoast.com\/wordpress\/plugins\/seo\/ -->\n<title>FAQ - Mvsevm<\/title>\n<meta name=\"robots\" content=\"index, follow, max-snippet:-1, max-image-preview:large, max-video-preview:-1\" \/>\n<link rel=\"canonical\" href=\"https:\/\/www.mvsevm.it\/es\/faq\/\" \/>\n<meta property=\"og:locale\" content=\"es_ES\" \/>\n<meta property=\"og:type\" content=\"article\" \/>\n<meta property=\"og:title\" content=\"FAQ - Mvsevm\" \/>\n<meta property=\"og:description\" content=\"\u00bfC\u00f3mo se limpia el revestimiento en piel? Piel Para mantener intacto en el tiempo el revestimiento en piel se pueden llevar a cabo con regularidad algunas operaciones de limpieza y mantenimiento. Limpiar regularmente con agua y jab\u00f3n neutro y aplicar de manera uniforme sobre toda la superficie en piel una crema nutritiva, ya que la [&hellip;]\" \/>\n<meta property=\"og:url\" content=\"https:\/\/www.mvsevm.it\/es\/faq\/\" \/>\n<meta property=\"og:site_name\" content=\"Mvsevm\" \/>\n<meta property=\"article:modified_time\" content=\"2021-11-03T08:17:34+00:00\" \/>\n<meta name=\"twitter:card\" content=\"summary_large_image\" \/>\n<meta name=\"twitter:label1\" content=\"Tiempo de lectura\" \/>\n\t<meta name=\"twitter:data1\" content=\"5 minutos\" \/>\n<script type=\"application\/ld+json\" class=\"yoast-schema-graph\">{\"@context\":\"https:\/\/schema.org\",\"@graph\":[{\"@type\":\"WebPage\",\"@id\":\"https:\/\/www.mvsevm.it\/es\/faq\/\",\"url\":\"https:\/\/www.mvsevm.it\/es\/faq\/\",\"name\":\"FAQ - Mvsevm\",\"isPartOf\":{\"@id\":\"https:\/\/www.mvsevm.it\/es\/#website\"},\"datePublished\":\"2021-05-27T10:52:12+00:00\",\"dateModified\":\"2021-11-03T08:17:34+00:00\",\"breadcrumb\":{\"@id\":\"https:\/\/www.mvsevm.it\/es\/faq\/#breadcrumb\"},\"inLanguage\":\"es\",\"potentialAction\":[{\"@type\":\"ReadAction\",\"target\":[\"https:\/\/www.mvsevm.it\/es\/faq\/\"]}]},{\"@type\":\"BreadcrumbList\",\"@id\":\"https:\/\/www.mvsevm.it\/es\/faq\/#breadcrumb\",\"itemListElement\":[{\"@type\":\"ListItem\",\"position\":1,\"name\":\"Home\",\"item\":\"https:\/\/www.mvsevm.it\/es\/\"},{\"@type\":\"ListItem\",\"position\":2,\"name\":\"FAQ\"}]},{\"@type\":\"WebSite\",\"@id\":\"https:\/\/www.mvsevm.it\/es\/#website\",\"url\":\"https:\/\/www.mvsevm.it\/es\/\",\"name\":\"Mvsevm\",\"description\":\"Arredamento Moderno\",\"publisher\":{\"@id\":\"https:\/\/www.mvsevm.it\/es\/#organization\"},\"potentialAction\":[{\"@type\":\"SearchAction\",\"target\":{\"@type\":\"EntryPoint\",\"urlTemplate\":\"https:\/\/www.mvsevm.it\/es\/?s={search_term_string}\"},\"query-input\":{\"@type\":\"PropertyValueSpecification\",\"valueRequired\":true,\"valueName\":\"search_term_string\"}}],\"inLanguage\":\"es\"},{\"@type\":\"Organization\",\"@id\":\"https:\/\/www.mvsevm.it\/es\/#organization\",\"name\":\"Mvsevm\",\"url\":\"https:\/\/www.mvsevm.it\/es\/\",\"logo\":{\"@type\":\"ImageObject\",\"inLanguage\":\"es\",\"@id\":\"https:\/\/www.mvsevm.it\/es\/#\/schema\/logo\/image\/\",\"url\":\"https:\/\/www.mvsevm.it\/wp-content\/uploads\/2021\/06\/cropped-mvsevm-logo-black1.png\",\"contentUrl\":\"https:\/\/www.mvsevm.it\/wp-content\/uploads\/2021\/06\/cropped-mvsevm-logo-black1.png\",\"width\":281,\"height\":80,\"caption\":\"Mvsevm\"},\"image\":{\"@id\":\"https:\/\/www.mvsevm.it\/es\/#\/schema\/logo\/image\/\"}}]}<\/script>\n<!-- \/ Yoast SEO plugin. -->","yoast_head_json":{"title":"FAQ - Mvsevm","robots":{"index":"index","follow":"follow","max-snippet":"max-snippet:-1","max-image-preview":"max-image-preview:large","max-video-preview":"max-video-preview:-1"},"canonical":"https:\/\/www.mvsevm.it\/es\/faq\/","og_locale":"es_ES","og_type":"article","og_title":"FAQ - Mvsevm","og_description":"\u00bfC\u00f3mo se limpia el revestimiento en piel? Piel Para mantener intacto en el tiempo el revestimiento en piel se pueden llevar a cabo con regularidad algunas operaciones de limpieza y mantenimiento. Limpiar regularmente con agua y jab\u00f3n neutro y aplicar de manera uniforme sobre toda la superficie en piel una crema nutritiva, ya que la [&hellip;]","og_url":"https:\/\/www.mvsevm.it\/es\/faq\/","og_site_name":"Mvsevm","article_modified_time":"2021-11-03T08:17:34+00:00","twitter_card":"summary_large_image","twitter_misc":{"Tiempo de lectura":"5 minutos"},"schema":{"@context":"https:\/\/schema.org","@graph":[{"@type":"WebPage","@id":"https:\/\/www.mvsevm.it\/es\/faq\/","url":"https:\/\/www.mvsevm.it\/es\/faq\/","name":"FAQ - Mvsevm","isPartOf":{"@id":"https:\/\/www.mvsevm.it\/es\/#website"},"datePublished":"2021-05-27T10:52:12+00:00","dateModified":"2021-11-03T08:17:34+00:00","breadcrumb":{"@id":"https:\/\/www.mvsevm.it\/es\/faq\/#breadcrumb"},"inLanguage":"es","potentialAction":[{"@type":"ReadAction","target":["https:\/\/www.mvsevm.it\/es\/faq\/"]}]},{"@type":"BreadcrumbList","@id":"https:\/\/www.mvsevm.it\/es\/faq\/#breadcrumb","itemListElement":[{"@type":"ListItem","position":1,"name":"Home","item":"https:\/\/www.mvsevm.it\/es\/"},{"@type":"ListItem","position":2,"name":"FAQ"}]},{"@type":"WebSite","@id":"https:\/\/www.mvsevm.it\/es\/#website","url":"https:\/\/www.mvsevm.it\/es\/","name":"Mvsevm","description":"Arredamento Moderno","publisher":{"@id":"https:\/\/www.mvsevm.it\/es\/#organization"},"potentialAction":[{"@type":"SearchAction","target":{"@type":"EntryPoint","urlTemplate":"https:\/\/www.mvsevm.it\/es\/?s={search_term_string}"},"query-input":{"@type":"PropertyValueSpecification","valueRequired":true,"valueName":"search_term_string"}}],"inLanguage":"es"},{"@type":"Organization","@id":"https:\/\/www.mvsevm.it\/es\/#organization","name":"Mvsevm","url":"https:\/\/www.mvsevm.it\/es\/","logo":{"@type":"ImageObject","inLanguage":"es","@id":"https:\/\/www.mvsevm.it\/es\/#\/schema\/logo\/image\/","url":"https:\/\/www.mvsevm.it\/wp-content\/uploads\/2021\/06\/cropped-mvsevm-logo-black1.png","contentUrl":"https:\/\/www.mvsevm.it\/wp-content\/uploads\/2021\/06\/cropped-mvsevm-logo-black1.png","width":281,"height":80,"caption":"Mvsevm"},"image":{"@id":"https:\/\/www.mvsevm.it\/es\/#\/schema\/logo\/image\/"}}]}},"_links":{"self":[{"href":"https:\/\/www.mvsevm.it\/es\/wp-json\/wp\/v2\/pages\/42553","targetHints":{"allow":["GET"]}}],"collection":[{"href":"https:\/\/www.mvsevm.it\/es\/wp-json\/wp\/v2\/pages"}],"about":[{"href":"https:\/\/www.mvsevm.it\/es\/wp-json\/wp\/v2\/types\/page"}],"author":[{"embeddable":true,"href":"https:\/\/www.mvsevm.it\/es\/wp-json\/wp\/v2\/users\/1"}],"replies":[{"embeddable":true,"href":"https:\/\/www.mvsevm.it\/es\/wp-json\/wp\/v2\/comments?post=42553"}],"version-history":[{"count":19,"href":"https:\/\/www.mvsevm.it\/es\/wp-json\/wp\/v2\/pages\/42553\/revisions"}],"predecessor-version":[{"id":57996,"href":"https:\/\/www.mvsevm.it\/es\/wp-json\/wp\/v2\/pages\/42553\/revisions\/57996"}],"wp:attachment":[{"href":"https:\/\/www.mvsevm.it\/es\/wp-json\/wp\/v2\/media?parent=42553"}],"curies":[{"name":"wp","href":"https:\/\/api.w.org\/{rel}","templated":true}]}}