{"id":48464,"date":"2021-10-28T13:52:26","date_gmt":"2021-10-28T11:52:26","guid":{"rendered":"http:\/\/mvsevm.it\/?page_id=48464"},"modified":"2025-06-07T11:30:29","modified_gmt":"2025-06-07T09:30:29","slug":"chaise-longue","status":"publish","type":"page","link":"https:\/\/www.mvsevm.it\/es\/chaise-longue\/","title":{"rendered":"Chaise Longue"},"content":{"rendered":"\t\t<div data-elementor-type=\"wp-page\" data-elementor-id=\"48464\" class=\"elementor elementor-48464 elementor-48462\" data-elementor-post-type=\"page\">\n\t\t\t\t\t\t<div class=\"elementor-inner\">\n\t\t\t\t<div class=\"elementor-section-wrap\">\n\t\t\t\t\t\t\t\t\t<section class=\"has_ma_el_bg_slider elementor-section elementor-top-section elementor-element elementor-element-e3b5cd8 elementor-section-full_width elementor-section-height-default elementor-section-height-default jltma-glass-effect-no\" data-id=\"e3b5cd8\" data-element_type=\"section\" data-settings=\"{&quot;background_background&quot;:&quot;classic&quot;}\">\n\t\t\t\t\t\t<div class=\"elementor-container elementor-column-gap-no\">\n\t\t\t\t\t\t\t<div class=\"elementor-row\">\n\t\t\t\t\t<div class=\"has_ma_el_bg_slider elementor-column elementor-col-100 elementor-top-column elementor-element elementor-element-0236804 jltma-glass-effect-no\" data-id=\"0236804\" data-element_type=\"column\">\n\t\t\t<div class=\"elementor-column-wrap elementor-element-populated\">\n\t\t\t\t\t\t\t<div class=\"elementor-widget-wrap\">\n\t\t\t\t\t\t<div class=\"elementor-element elementor-element-62ee387 jltma-glass-effect-no elementor-widget elementor-widget-rhye-widget-parallax-background\" data-id=\"62ee387\" data-element_type=\"widget\" data-widget_type=\"rhye-widget-parallax-background.default\">\n\t\t\t\t<div class=\"elementor-widget-container\">\n\t\t\t\n\t\t\t\t\t\t\t\t\t\t\t\t\t\t<div class=\"section section-image section text-center\" data-arts-parallax=true data-arts-parallax-factor=0.1 data-arts-os-animation=true>\n\t\t\t\t\t\t\t\t\t\t\t\t\t\t<div class=\"section-image__wrapper overflow mask-reveal lazy-bg\" >\n\t\t\t\t\t\t\t\t\t\t\t\t\t<div class=\"mask-reveal__layer mask-reveal__layer-1\">\n\t\t\t\t\t\t<div class=\"mask-reveal__layer mask-reveal__layer-2\">\n\t\t\t\t\t\t\t\t\t\t\t\t\t\t\t\t\t\t<img loading=\"lazy\" decoding=\"async\" class=\"of-cover\" src=\"data:image\/png;base64,iVBORw0KGgoAAAANSUhEUgAAAAEAAAABCAQAAAHCGzyUAAAABGdBTUEAALGPC\/xhBQAAADhlWElmTU0AKgAAAAgAAYdpAAQAAAABAAAAGgAAAAAAAqACAAQAAAABAAAAAaADAAQAAAABAAAAAQAAAADa6r\/EAAAAC0lEQVQI12NolQQAASYAn89qhTcAAAAASUVORK5CYII=\" data-src=\"https:\/\/www.mvsevm.it\/wp-content\/uploads\/2021\/09\/header_categorie4.jpg\" width=\"1920\" height=\"500\"  data-srcset=\"https:\/\/www.mvsevm.it\/wp-content\/uploads\/2021\/09\/header_categorie4.jpg 1920w, https:\/\/www.mvsevm.it\/wp-content\/uploads\/2021\/09\/header_categorie4-300x78.jpg 300w, https:\/\/www.mvsevm.it\/wp-content\/uploads\/2021\/09\/header_categorie4-1024x267.jpg 1024w, https:\/\/www.mvsevm.it\/wp-content\/uploads\/2021\/09\/header_categorie4-768x200.jpg 768w, https:\/\/www.mvsevm.it\/wp-content\/uploads\/2021\/09\/header_categorie4-1536x400.jpg 1536w, https:\/\/www.mvsevm.it\/wp-content\/uploads\/2021\/09\/header_categorie4-600x156.jpg 600w\"   data-sizes=\"(max-width: 1920px) 100vw, 1920px\"  alt=\"\" \/>\n\t\t\t\t\t\t\t\t\t\t\t\t\t\t\t\t\t\t\t\t\t\t\t\t\t\t\t<\/div>\n\t\t\t\t\t<\/div>\n\t\t\t\t\t\t\t\t<\/div>\n\t\t\t\t\t\t\t\t\t\t\t\t\t\t<\/div>\n\t\t\t\t\t\t\t\t\t\n\t\t\t\t<\/div>\n\t\t\t\t<\/div>\n\t\t\t\t\t\t<\/div>\n\t\t\t\t\t<\/div>\n\t\t<\/div>\n\t\t\t\t\t\t\t\t<\/div>\n\t\t\t\t\t<\/div>\n\t\t<\/section>\n\t\t\t\t<section class=\"has_ma_el_bg_slider elementor-section elementor-top-section elementor-element elementor-element-f3aba90 elementor-section-boxed elementor-section-height-default elementor-section-height-default jltma-glass-effect-no\" data-id=\"f3aba90\" data-element_type=\"section\">\n\t\t\t\t\t\t<div class=\"elementor-container elementor-column-gap-default\">\n\t\t\t\t\t\t\t<div class=\"elementor-row\">\n\t\t\t\t\t<div class=\"has_ma_el_bg_slider elementor-column elementor-col-100 elementor-top-column elementor-element elementor-element-e40419d jltma-glass-effect-no\" data-id=\"e40419d\" data-element_type=\"column\">\n\t\t\t<div class=\"elementor-column-wrap elementor-element-populated\">\n\t\t\t\t\t\t\t<div class=\"elementor-widget-wrap\">\n\t\t\t\t\t\t<div class=\"elementor-element elementor-element-28b471e text-center jltma-glass-effect-no elementor-widget elementor-widget-rhye-widget-content-block\" data-id=\"28b471e\" data-element_type=\"widget\" data-widget_type=\"rhye-widget-content-block.default\">\n\t\t\t\t<div class=\"elementor-widget-container\">\n\t\t\t\n\t\t<div class=\"section section-content clearfix  \" data-arts-os-animation=\"true\">\n\t\t\t\t\t\t<div class=\"section-content__inner\">\n\t\t\t\t\t\t\t\t\t<div class=\"section-content__wrapper-heading\">\n\t\t\t\t\t\t\t\t\t\t\t\t\t\t\t\t\t\t\t<div class=\"section-content__heading split-text js-split-text mb-1\" data-split-text-type=\"lines,words\" data-split-text-set=\"words\"><h2 style=\"text-align: center;\">Chaise Longue<\/h2>\n<\/div>\n\t\t\t\t\t\t\t\t\t\t\t<\/div>\n\t\t\t\t\t\t\t\t\t\t\t\t\t<div class=\"section-content__wrapper-content\">\n\t\t\t\t\t\t\t\t\t\t\t\t\t<div class=\"w-100\"><\/div>\n\t\t\t\t\t\t\t\t\t\t\t\t\t\t<div class=\"section__headline mt-1 mt-md-2 mb-1 mb-md-2\"><\/div>\n\t\t\t\t\t\t\t\t\t\t\t\t\t\t\t\t\t\t\t<div class=\"w-100\"><\/div>\n\t\t\t\t\t\t\t<div class=\"section-content__text split-text js-split-text\" data-split-text-type=\"lines\" data-split-text-set=\"lines\"><p style=\"padding-top: 20px;\">Made in Italy es nuestra esencia, es el valor intr\u00ednseco de cada creaci\u00f3n. Es una marca que certifica que la producci\u00f3n de productos semielaborados y terminados es \u00edntegramente italiana. (certificado N \u00b0 IT01.IT_456.110.M Registro nacional de fabricantes italianos).<\/p>\n<\/div>\n\t\t\t\t\t\t\t\t\t\t\t<\/div>\n\t\t\t\t\t\t\t\t\t\t\t<\/div>\n\t\t\t\t\t\t\t\t\t\t\t\t\t\t<\/div>\n\n\t\t\t\t<\/div>\n\t\t\t\t<\/div>\n\t\t\t\t\t\t<\/div>\n\t\t\t\t\t<\/div>\n\t\t<\/div>\n\t\t\t\t\t\t\t\t<\/div>\n\t\t\t\t\t<\/div>\n\t\t<\/section>\n\t\t\t\t<section class=\"has_ma_el_bg_slider elementor-section elementor-top-section elementor-element elementor-element-a45ada5 elementor-section-boxed elementor-section-height-default elementor-section-height-default jltma-glass-effect-no\" data-id=\"a45ada5\" data-element_type=\"section\">\n\t\t\t\t\t\t<div class=\"elementor-container elementor-column-gap-default\">\n\t\t\t\t\t\t\t<div class=\"elementor-row\">\n\t\t\t\t\t<div class=\"has_ma_el_bg_slider elementor-column elementor-col-100 elementor-top-column elementor-element elementor-element-375ef80 jltma-glass-effect-no\" data-id=\"375ef80\" data-element_type=\"column\">\n\t\t\t<div class=\"elementor-column-wrap elementor-element-populated\">\n\t\t\t\t\t\t\t<div class=\"elementor-widget-wrap\">\n\t\t\t\t\t\t\t\t<\/div>\n\t\t\t\t\t<\/div>\n\t\t<\/div>\n\t\t\t\t\t\t\t\t<\/div>\n\t\t\t\t\t<\/div>\n\t\t<\/section>\n\t\t\t\t\t\t\t\t\t<\/div>\n\t\t\t<\/div>\n\t\t\t\t\t<\/div>\n\t\t","protected":false},"excerpt":{"rendered":"<p>Chaise Longue Made in Italy es nuestra esencia, es el valor intr\u00ednseco de cada creaci\u00f3n. Es una marca que certifica que la producci\u00f3n de productos semielaborados y terminados es \u00edntegramente italiana. (certificado N \u00b0 IT01.IT_456.110.M Registro nacional de fabricantes italianos).<\/p>\n","protected":false},"author":1,"featured_media":0,"parent":0,"menu_order":0,"comment_status":"closed","ping_status":"closed","template":"elementor_header_footer","meta":{"footnotes":""},"class_list":["post-48464","page","type-page","status-publish","hentry"],"yoast_head":"<!-- This site is optimized with the Yoast SEO plugin v25.2 - https:\/\/yoast.com\/wordpress\/plugins\/seo\/ -->\n<title>Chaise Longue - Mvsevm<\/title>\n<meta name=\"robots\" content=\"index, follow, max-snippet:-1, max-image-preview:large, max-video-preview:-1\" \/>\n<link rel=\"canonical\" href=\"https:\/\/www.mvsevm.it\/es\/chaise-longue\/\" \/>\n<meta property=\"og:locale\" content=\"es_ES\" \/>\n<meta property=\"og:type\" content=\"article\" \/>\n<meta property=\"og:title\" content=\"Chaise Longue - Mvsevm\" \/>\n<meta property=\"og:description\" content=\"Chaise Longue Made in Italy es nuestra esencia, es el valor intr\u00ednseco de cada creaci\u00f3n. Es una marca que certifica que la producci\u00f3n de productos semielaborados y terminados es \u00edntegramente italiana. (certificado N \u00b0 IT01.IT_456.110.M Registro nacional de fabricantes italianos).\" \/>\n<meta property=\"og:url\" content=\"https:\/\/www.mvsevm.it\/es\/chaise-longue\/\" \/>\n<meta property=\"og:site_name\" content=\"Mvsevm\" \/>\n<meta property=\"article:modified_time\" content=\"2025-06-07T09:30:29+00:00\" \/>\n<meta name=\"twitter:card\" content=\"summary_large_image\" \/>\n<script type=\"application\/ld+json\" class=\"yoast-schema-graph\">{\"@context\":\"https:\/\/schema.org\",\"@graph\":[{\"@type\":\"WebPage\",\"@id\":\"https:\/\/www.mvsevm.it\/es\/chaise-longue\/\",\"url\":\"https:\/\/www.mvsevm.it\/es\/chaise-longue\/\",\"name\":\"Chaise Longue - Mvsevm\",\"isPartOf\":{\"@id\":\"https:\/\/www.mvsevm.it\/es\/#website\"},\"datePublished\":\"2021-10-28T11:52:26+00:00\",\"dateModified\":\"2025-06-07T09:30:29+00:00\",\"breadcrumb\":{\"@id\":\"https:\/\/www.mvsevm.it\/es\/chaise-longue\/#breadcrumb\"},\"inLanguage\":\"es\",\"potentialAction\":[{\"@type\":\"ReadAction\",\"target\":[\"https:\/\/www.mvsevm.it\/es\/chaise-longue\/\"]}]},{\"@type\":\"BreadcrumbList\",\"@id\":\"https:\/\/www.mvsevm.it\/es\/chaise-longue\/#breadcrumb\",\"itemListElement\":[{\"@type\":\"ListItem\",\"position\":1,\"name\":\"Home\",\"item\":\"https:\/\/www.mvsevm.it\/es\/\"},{\"@type\":\"ListItem\",\"position\":2,\"name\":\"Chaise Longue\"}]},{\"@type\":\"WebSite\",\"@id\":\"https:\/\/www.mvsevm.it\/es\/#website\",\"url\":\"https:\/\/www.mvsevm.it\/es\/\",\"name\":\"Mvsevm\",\"description\":\"Arredamento Moderno\",\"publisher\":{\"@id\":\"https:\/\/www.mvsevm.it\/es\/#organization\"},\"potentialAction\":[{\"@type\":\"SearchAction\",\"target\":{\"@type\":\"EntryPoint\",\"urlTemplate\":\"https:\/\/www.mvsevm.it\/es\/?s={search_term_string}\"},\"query-input\":{\"@type\":\"PropertyValueSpecification\",\"valueRequired\":true,\"valueName\":\"search_term_string\"}}],\"inLanguage\":\"es\"},{\"@type\":\"Organization\",\"@id\":\"https:\/\/www.mvsevm.it\/es\/#organization\",\"name\":\"Mvsevm\",\"url\":\"https:\/\/www.mvsevm.it\/es\/\",\"logo\":{\"@type\":\"ImageObject\",\"inLanguage\":\"es\",\"@id\":\"https:\/\/www.mvsevm.it\/es\/#\/schema\/logo\/image\/\",\"url\":\"https:\/\/www.mvsevm.it\/wp-content\/uploads\/2021\/06\/cropped-mvsevm-logo-black1.png\",\"contentUrl\":\"https:\/\/www.mvsevm.it\/wp-content\/uploads\/2021\/06\/cropped-mvsevm-logo-black1.png\",\"width\":281,\"height\":80,\"caption\":\"Mvsevm\"},\"image\":{\"@id\":\"https:\/\/www.mvsevm.it\/es\/#\/schema\/logo\/image\/\"}}]}<\/script>\n<!-- \/ Yoast SEO plugin. -->","yoast_head_json":{"title":"Chaise Longue - Mvsevm","robots":{"index":"index","follow":"follow","max-snippet":"max-snippet:-1","max-image-preview":"max-image-preview:large","max-video-preview":"max-video-preview:-1"},"canonical":"https:\/\/www.mvsevm.it\/es\/chaise-longue\/","og_locale":"es_ES","og_type":"article","og_title":"Chaise Longue - Mvsevm","og_description":"Chaise Longue Made in Italy es nuestra esencia, es el valor intr\u00ednseco de cada creaci\u00f3n. Es una marca que certifica que la producci\u00f3n de productos semielaborados y terminados es \u00edntegramente italiana. (certificado N \u00b0 IT01.IT_456.110.M Registro nacional de fabricantes italianos).","og_url":"https:\/\/www.mvsevm.it\/es\/chaise-longue\/","og_site_name":"Mvsevm","article_modified_time":"2025-06-07T09:30:29+00:00","twitter_card":"summary_large_image","schema":{"@context":"https:\/\/schema.org","@graph":[{"@type":"WebPage","@id":"https:\/\/www.mvsevm.it\/es\/chaise-longue\/","url":"https:\/\/www.mvsevm.it\/es\/chaise-longue\/","name":"Chaise Longue - Mvsevm","isPartOf":{"@id":"https:\/\/www.mvsevm.it\/es\/#website"},"datePublished":"2021-10-28T11:52:26+00:00","dateModified":"2025-06-07T09:30:29+00:00","breadcrumb":{"@id":"https:\/\/www.mvsevm.it\/es\/chaise-longue\/#breadcrumb"},"inLanguage":"es","potentialAction":[{"@type":"ReadAction","target":["https:\/\/www.mvsevm.it\/es\/chaise-longue\/"]}]},{"@type":"BreadcrumbList","@id":"https:\/\/www.mvsevm.it\/es\/chaise-longue\/#breadcrumb","itemListElement":[{"@type":"ListItem","position":1,"name":"Home","item":"https:\/\/www.mvsevm.it\/es\/"},{"@type":"ListItem","position":2,"name":"Chaise Longue"}]},{"@type":"WebSite","@id":"https:\/\/www.mvsevm.it\/es\/#website","url":"https:\/\/www.mvsevm.it\/es\/","name":"Mvsevm","description":"Arredamento Moderno","publisher":{"@id":"https:\/\/www.mvsevm.it\/es\/#organization"},"potentialAction":[{"@type":"SearchAction","target":{"@type":"EntryPoint","urlTemplate":"https:\/\/www.mvsevm.it\/es\/?s={search_term_string}"},"query-input":{"@type":"PropertyValueSpecification","valueRequired":true,"valueName":"search_term_string"}}],"inLanguage":"es"},{"@type":"Organization","@id":"https:\/\/www.mvsevm.it\/es\/#organization","name":"Mvsevm","url":"https:\/\/www.mvsevm.it\/es\/","logo":{"@type":"ImageObject","inLanguage":"es","@id":"https:\/\/www.mvsevm.it\/es\/#\/schema\/logo\/image\/","url":"https:\/\/www.mvsevm.it\/wp-content\/uploads\/2021\/06\/cropped-mvsevm-logo-black1.png","contentUrl":"https:\/\/www.mvsevm.it\/wp-content\/uploads\/2021\/06\/cropped-mvsevm-logo-black1.png","width":281,"height":80,"caption":"Mvsevm"},"image":{"@id":"https:\/\/www.mvsevm.it\/es\/#\/schema\/logo\/image\/"}}]}},"_links":{"self":[{"href":"https:\/\/www.mvsevm.it\/es\/wp-json\/wp\/v2\/pages\/48464","targetHints":{"allow":["GET"]}}],"collection":[{"href":"https:\/\/www.mvsevm.it\/es\/wp-json\/wp\/v2\/pages"}],"about":[{"href":"https:\/\/www.mvsevm.it\/es\/wp-json\/wp\/v2\/types\/page"}],"author":[{"embeddable":true,"href":"https:\/\/www.mvsevm.it\/es\/wp-json\/wp\/v2\/users\/1"}],"replies":[{"embeddable":true,"href":"https:\/\/www.mvsevm.it\/es\/wp-json\/wp\/v2\/comments?post=48464"}],"version-history":[{"count":19,"href":"https:\/\/www.mvsevm.it\/es\/wp-json\/wp\/v2\/pages\/48464\/revisions"}],"predecessor-version":[{"id":63788,"href":"https:\/\/www.mvsevm.it\/es\/wp-json\/wp\/v2\/pages\/48464\/revisions\/63788"}],"wp:attachment":[{"href":"https:\/\/www.mvsevm.it\/es\/wp-json\/wp\/v2\/media?parent=48464"}],"curies":[{"name":"wp","href":"https:\/\/api.w.org\/{rel}","templated":true}]}}