{"id":58518,"date":"2021-11-12T12:20:53","date_gmt":"2021-11-12T11:20:53","guid":{"rendered":"http:\/\/mvsevm.it\/news\/"},"modified":"2022-04-26T11:33:40","modified_gmt":"2022-04-26T09:33:40","slug":"news","status":"publish","type":"page","link":"https:\/\/www.mvsevm.it\/es\/news\/","title":{"rendered":"News"},"content":{"rendered":"\t\t<div data-elementor-type=\"wp-page\" data-elementor-id=\"58518\" class=\"elementor elementor-58518 elementor-41622\" data-elementor-post-type=\"page\">\n\t\t\t\t\t\t<div class=\"elementor-inner\">\n\t\t\t\t<div class=\"elementor-section-wrap\">\n\t\t\t\t\t\t\t\t\t<section class=\"has_ma_el_bg_slider elementor-section elementor-top-section elementor-element elementor-element-7683e62 elementor-section-boxed elementor-section-height-default elementor-section-height-default jltma-glass-effect-no\" data-id=\"7683e62\" data-element_type=\"section\">\n\t\t\t\t\t\t<div class=\"elementor-container elementor-column-gap-default\">\n\t\t\t\t\t\t\t<div class=\"elementor-row\">\n\t\t\t\t\t<div class=\"has_ma_el_bg_slider elementor-column elementor-col-100 elementor-top-column elementor-element elementor-element-00b6514 jltma-glass-effect-no\" data-id=\"00b6514\" data-element_type=\"column\">\n\t\t\t<div class=\"elementor-column-wrap elementor-element-populated\">\n\t\t\t\t\t\t\t<div class=\"elementor-widget-wrap\">\n\t\t\t\t\t\t<div class=\"elementor-element elementor-element-955b42b pp-posts-image-stack-mobile jltma-glass-effect-no elementor-widget elementor-widget-pp-posts\" data-id=\"955b42b\" data-element_type=\"widget\" data-widget_type=\"pp-posts.checkerboard\">\n\t\t\t\t<div class=\"elementor-widget-container\">\n\t\t\t\t\t<div class=\"pp-posts-container\">\n\t\t\t\n\t\t\t\t\t\t\t\t\t\t\n\t\t\t<div class=\"pp-posts pp-posts-skin-checkerboard\" data-query-type=\"custom\" data-layout=\"grid\" data-page=\"58518\" data-skin=\"checkerboard\">\n\t\t\t\t\t\t\t\t\t\t\t<div class=\"pp-post-wrap pp-grid-item-wrap\">\n\t\t\t\t\t\t<div class=\"pp-post pp-grid-item\">\n\t\t\t\t\t\t<div class=\"pp-post-thumbnail\">\n\t\t\t<div class=\"pp-post-thumbnail-wrap\">\n\t\t\t\t<a href=\"https:\/\/www.mvsevm.it\/es\/lara-stilwood\/\"><img loading=\"lazy\" decoding=\"async\" width=\"900\" height=\"651\" src=\"https:\/\/www.mvsevm.it\/wp-content\/uploads\/2022\/04\/Lara_22-1-1024x741.jpg\" class=\"attachment-large size-large wp-image-60940\" alt=\"Lara Stilwood | Mvsevm\" srcset=\"https:\/\/www.mvsevm.it\/wp-content\/uploads\/2022\/04\/Lara_22-1-1024x741.jpg 1024w, https:\/\/www.mvsevm.it\/wp-content\/uploads\/2022\/04\/Lara_22-1-300x217.jpg 300w, https:\/\/www.mvsevm.it\/wp-content\/uploads\/2022\/04\/Lara_22-1-768x556.jpg 768w, https:\/\/www.mvsevm.it\/wp-content\/uploads\/2022\/04\/Lara_22-1-600x434.jpg 600w, https:\/\/www.mvsevm.it\/wp-content\/uploads\/2022\/04\/Lara_22-1.jpg 1400w\" sizes=\"auto, (max-width: 900px) 100vw, 900px\" \/><\/a>\t\t\t<\/div>\n\t\t<\/div>\n\t\t\t\t\t\t<div class=\"pp-post-content-wrap\">\n\t\t\t\t\t<div class=\"pp-post-content\">\n\t\t\t\t\t\t\t\t\t\t<div class=\"pp-post-terms-wrap\">\n\t\t\t<span class=\"pp-post-terms\">\n\t\t\t\t<span class=\"pp-post-term\"><a href=\"https:\/\/www.mvsevm.it\/es\/category\/news-es\/\">News<\/a><\/span>\t\t\t<\/span>\n\t\t<\/div>\n\t\t\t\t\t\t\t\t\t\t<h2 class=\"pp-post-title\">\n\t\t\t\t<a href=\"https:\/\/www.mvsevm.it\/es\/lara-stilwood\/\">Lara Stilwood<\/a>\t\t\t<\/h2>\n\t\t\t\t\t\t\t\t\t<div class=\"pp-post-meta\">\n\t\t\t\t\t\t\t<\/div>\n\t\t\t\t\t\t\t<div class=\"pp-post-excerpt\">\n\t\t\t<p>Lara Stilwood 1968 Mvsevm acaba de adquirir, en exclusiva, la reedici\u00f3n del sof\u00e1 Lara, dise\u00f1ado en 1968 por Renato Toso, &#8230;<\/p>\n\t\t<\/div>\n\t\t\t\t\t\t\t\t\t<\/div>\n\t\t\t\t<\/div>\n\t\t\t<\/div>\n\t\t\t\t\t<\/div>\n\t\t\t\t<div class=\"pp-post-wrap pp-grid-item-wrap\">\n\t\t\t\t\t\t<div class=\"pp-post pp-grid-item\">\n\t\t\t\t\t\t<div class=\"pp-post-thumbnail\">\n\t\t\t<div class=\"pp-post-thumbnail-wrap\">\n\t\t\t\t<a href=\"https:\/\/www.mvsevm.it\/es\/video-mvsevm\/\"><img loading=\"lazy\" decoding=\"async\" width=\"900\" height=\"563\" src=\"https:\/\/www.mvsevm.it\/wp-content\/uploads\/2021\/09\/Saarinen_ct769_3.jpg\" class=\"attachment-large size-large wp-image-53359\" alt=\"Tavolo Saarinen | Mvsevm\" srcset=\"https:\/\/www.mvsevm.it\/wp-content\/uploads\/2021\/09\/Saarinen_ct769_3.jpg 960w, https:\/\/www.mvsevm.it\/wp-content\/uploads\/2021\/09\/Saarinen_ct769_3-300x188.jpg 300w, https:\/\/www.mvsevm.it\/wp-content\/uploads\/2021\/09\/Saarinen_ct769_3-768x480.jpg 768w, https:\/\/www.mvsevm.it\/wp-content\/uploads\/2021\/09\/Saarinen_ct769_3-600x375.jpg 600w\" sizes=\"auto, (max-width: 900px) 100vw, 900px\" \/><\/a>\t\t\t<\/div>\n\t\t<\/div>\n\t\t\t\t\t\t<div class=\"pp-post-content-wrap\">\n\t\t\t\t\t<div class=\"pp-post-content\">\n\t\t\t\t\t\t\t\t\t\t<div class=\"pp-post-terms-wrap\">\n\t\t\t<span class=\"pp-post-terms\">\n\t\t\t\t<span class=\"pp-post-term\"><a href=\"https:\/\/www.mvsevm.it\/es\/category\/news-es\/\">News<\/a><\/span>\t\t\t<\/span>\n\t\t<\/div>\n\t\t\t\t\t\t\t\t\t\t<h2 class=\"pp-post-title\">\n\t\t\t\t<a href=\"https:\/\/www.mvsevm.it\/es\/video-mvsevm\/\">Video Mvsevm<\/a>\t\t\t<\/h2>\n\t\t\t\t\t\t\t\t\t<div class=\"pp-post-meta\">\n\t\t\t\t\t\t\t<\/div>\n\t\t\t\t\t\t\t<div class=\"pp-post-excerpt\">\n\t\t\t<p>Descubra el mundo Mvsevm, sum\u00e9rjase en el estilo contempor\u00e1neo nacido de la experiencia y la excelencia italiana en el campo del Dise\u00f1o de Interiores.<br \/>\nAcceda a nuestro canal de YouTube para mantenerse actualizado con nuestro contenido de video.<\/p>\n\t\t<\/div>\n\t\t\t\t\t\t\t\t\t<\/div>\n\t\t\t\t<\/div>\n\t\t\t<\/div>\n\t\t\t\t\t<\/div>\n\t\t\t\t<div class=\"pp-post-wrap pp-grid-item-wrap\">\n\t\t\t\t\t\t<div class=\"pp-post pp-grid-item\">\n\t\t\t\t\t\t<div class=\"pp-post-thumbnail\">\n\t\t\t<div class=\"pp-post-thumbnail-wrap\">\n\t\t\t\t<a href=\"https:\/\/www.mvsevm.it\/es\/bauhaus-dessau-alemania\/\"><img loading=\"lazy\" decoding=\"async\" width=\"900\" height=\"675\" src=\"https:\/\/www.mvsevm.it\/wp-content\/uploads\/2021\/09\/Bauhaus-Germania-1024x768.jpg\" class=\"attachment-large size-large wp-image-51524\" alt=\"\" srcset=\"https:\/\/www.mvsevm.it\/wp-content\/uploads\/2021\/09\/Bauhaus-Germania-1024x768.jpg 1024w, https:\/\/www.mvsevm.it\/wp-content\/uploads\/2021\/09\/Bauhaus-Germania-300x225.jpg 300w, https:\/\/www.mvsevm.it\/wp-content\/uploads\/2021\/09\/Bauhaus-Germania-768x576.jpg 768w, https:\/\/www.mvsevm.it\/wp-content\/uploads\/2021\/09\/Bauhaus-Germania-1536x1152.jpg 1536w, https:\/\/www.mvsevm.it\/wp-content\/uploads\/2021\/09\/Bauhaus-Germania-600x450.jpg 600w, https:\/\/www.mvsevm.it\/wp-content\/uploads\/2021\/09\/Bauhaus-Germania.jpg 1920w\" sizes=\"auto, (max-width: 900px) 100vw, 900px\" \/><\/a>\t\t\t<\/div>\n\t\t<\/div>\n\t\t\t\t\t\t<div class=\"pp-post-content-wrap\">\n\t\t\t\t\t<div class=\"pp-post-content\">\n\t\t\t\t\t\t\t\t\t\t<div class=\"pp-post-terms-wrap\">\n\t\t\t<span class=\"pp-post-terms\">\n\t\t\t\t<span class=\"pp-post-term\"><a href=\"https:\/\/www.mvsevm.it\/es\/category\/progetti\/\">Progetti<\/a><\/span>\t\t\t<\/span>\n\t\t<\/div>\n\t\t\t\t\t\t\t\t\t\t<h2 class=\"pp-post-title\">\n\t\t\t\t<a href=\"https:\/\/www.mvsevm.it\/es\/bauhaus-dessau-alemania\/\">Bauhaus dessau, Alemania<\/a>\t\t\t<\/h2>\n\t\t\t\t\t\t\t\t\t<div class=\"pp-post-meta\">\n\t\t\t\t\t\t\t<\/div>\n\t\t\t\t\t\t\t<div class=\"pp-post-excerpt\">\n\t\t\t<p>Bauhaus di Dessau a Maximilian-Park Hamm\/Westfalia, Alemania Nuestro nuevo proyecto &#8211; Bauhaus di Dessau.Exposici\u00f3n de Bauhaus de Dessau en el &#8230;<\/p>\n\t\t<\/div>\n\t\t\t\t\t\t\t\t\t<\/div>\n\t\t\t\t<\/div>\n\t\t\t<\/div>\n\t\t\t\t\t<\/div>\n\t\t\t\t<div class=\"pp-post-wrap pp-grid-item-wrap\">\n\t\t\t\t\t\t<div class=\"pp-post pp-grid-item\">\n\t\t\t\t\t\t<div class=\"pp-post-thumbnail\">\n\t\t\t<div class=\"pp-post-thumbnail-wrap\">\n\t\t\t\t<a href=\"https:\/\/www.mvsevm.it\/es\/grand-hotel-valencia-palace\/\"><img loading=\"lazy\" decoding=\"async\" width=\"900\" height=\"675\" src=\"https:\/\/www.mvsevm.it\/wp-content\/uploads\/2021\/09\/Gran-Hotel-Valencia-Spagna-1024x768.jpg\" class=\"attachment-large size-large wp-image-51553\" alt=\"\" srcset=\"https:\/\/www.mvsevm.it\/wp-content\/uploads\/2021\/09\/Gran-Hotel-Valencia-Spagna-1024x768.jpg 1024w, https:\/\/www.mvsevm.it\/wp-content\/uploads\/2021\/09\/Gran-Hotel-Valencia-Spagna-300x225.jpg 300w, https:\/\/www.mvsevm.it\/wp-content\/uploads\/2021\/09\/Gran-Hotel-Valencia-Spagna-768x576.jpg 768w, https:\/\/www.mvsevm.it\/wp-content\/uploads\/2021\/09\/Gran-Hotel-Valencia-Spagna-1536x1152.jpg 1536w, https:\/\/www.mvsevm.it\/wp-content\/uploads\/2021\/09\/Gran-Hotel-Valencia-Spagna-600x450.jpg 600w, https:\/\/www.mvsevm.it\/wp-content\/uploads\/2021\/09\/Gran-Hotel-Valencia-Spagna.jpg 1920w\" sizes=\"auto, (max-width: 900px) 100vw, 900px\" \/><\/a>\t\t\t<\/div>\n\t\t<\/div>\n\t\t\t\t\t\t<div class=\"pp-post-content-wrap\">\n\t\t\t\t\t<div class=\"pp-post-content\">\n\t\t\t\t\t\t\t\t\t\t<div class=\"pp-post-terms-wrap\">\n\t\t\t<span class=\"pp-post-terms\">\n\t\t\t\t<span class=\"pp-post-term\"><a href=\"https:\/\/www.mvsevm.it\/es\/category\/progetti\/\">Progetti<\/a><\/span>\t\t\t<\/span>\n\t\t<\/div>\n\t\t\t\t\t\t\t\t\t\t<h2 class=\"pp-post-title\">\n\t\t\t\t<a href=\"https:\/\/www.mvsevm.it\/es\/grand-hotel-valencia-palace\/\">Grand Hotel Valencia Palace<\/a>\t\t\t<\/h2>\n\t\t\t\t\t\t\t\t\t<div class=\"pp-post-meta\">\n\t\t\t\t\t\t\t<\/div>\n\t\t\t\t\t\t\t<div class=\"pp-post-excerpt\">\n\t\t\t<p>Grand Hotel Valencia Palace Nuestro nuevo proyecto &#8211; Grand Hotel Valencia Palace.Vista del vest\u00edbulo del \u00abGran Hotel Valencia Palace\u00bb, Valencia, &#8230;<\/p>\n\t\t<\/div>\n\t\t\t\t\t\t\t\t\t<\/div>\n\t\t\t\t<\/div>\n\t\t\t<\/div>\n\t\t\t\t\t<\/div>\n\t\t\t\t<div class=\"pp-post-wrap pp-grid-item-wrap\">\n\t\t\t\t\t\t<div class=\"pp-post pp-grid-item\">\n\t\t\t\t\t\t<div class=\"pp-post-thumbnail\">\n\t\t\t<div class=\"pp-post-thumbnail-wrap\">\n\t\t\t\t<a href=\"https:\/\/www.mvsevm.it\/es\/hotel-kensington-londres\/\"><img loading=\"lazy\" decoding=\"async\" width=\"900\" height=\"675\" src=\"https:\/\/www.mvsevm.it\/wp-content\/uploads\/2021\/09\/Hotel-Kensigton-UK-1024x768.jpg\" class=\"attachment-large size-large wp-image-51621\" alt=\"\" srcset=\"https:\/\/www.mvsevm.it\/wp-content\/uploads\/2021\/09\/Hotel-Kensigton-UK-1024x768.jpg 1024w, https:\/\/www.mvsevm.it\/wp-content\/uploads\/2021\/09\/Hotel-Kensigton-UK-300x225.jpg 300w, https:\/\/www.mvsevm.it\/wp-content\/uploads\/2021\/09\/Hotel-Kensigton-UK-768x576.jpg 768w, https:\/\/www.mvsevm.it\/wp-content\/uploads\/2021\/09\/Hotel-Kensigton-UK-1536x1152.jpg 1536w, https:\/\/www.mvsevm.it\/wp-content\/uploads\/2021\/09\/Hotel-Kensigton-UK-600x450.jpg 600w, https:\/\/www.mvsevm.it\/wp-content\/uploads\/2021\/09\/Hotel-Kensigton-UK.jpg 1920w\" sizes=\"auto, (max-width: 900px) 100vw, 900px\" \/><\/a>\t\t\t<\/div>\n\t\t<\/div>\n\t\t\t\t\t\t<div class=\"pp-post-content-wrap\">\n\t\t\t\t\t<div class=\"pp-post-content\">\n\t\t\t\t\t\t\t\t\t\t<div class=\"pp-post-terms-wrap\">\n\t\t\t<span class=\"pp-post-terms\">\n\t\t\t\t<span class=\"pp-post-term\"><a href=\"https:\/\/www.mvsevm.it\/es\/category\/progetti\/\">Progetti<\/a><\/span>\t\t\t<\/span>\n\t\t<\/div>\n\t\t\t\t\t\t\t\t\t\t<h2 class=\"pp-post-title\">\n\t\t\t\t<a href=\"https:\/\/www.mvsevm.it\/es\/hotel-kensington-londres\/\">Hotel Kensington, Londres<\/a>\t\t\t<\/h2>\n\t\t\t\t\t\t\t\t\t<div class=\"pp-post-meta\">\n\t\t\t\t\t\t\t<\/div>\n\t\t\t\t\t\t\t<div class=\"pp-post-excerpt\">\n\t\t\t<p>Hotel kensingtonn Nuestro nuevo proyecto &#8211; Hotel\u00a0Kensington. Detalle del vest\u00edbulo del Hotel Kengsigton en Londres, Gran Breta\u00f1a.<\/p>\n\t\t<\/div>\n\t\t\t\t\t\t\t\t\t<\/div>\n\t\t\t\t<\/div>\n\t\t\t<\/div>\n\t\t\t\t\t<\/div>\n\t\t\t\t<div class=\"pp-post-wrap pp-grid-item-wrap\">\n\t\t\t\t\t\t<div class=\"pp-post pp-grid-item\">\n\t\t\t\t\t\t<div class=\"pp-post-thumbnail\">\n\t\t\t<div class=\"pp-post-thumbnail-wrap\">\n\t\t\t\t<a href=\"https:\/\/www.mvsevm.it\/es\/hotel-san-roque-tenerife\/\"><img loading=\"lazy\" decoding=\"async\" width=\"610\" height=\"458\" src=\"https:\/\/www.mvsevm.it\/wp-content\/uploads\/2021\/09\/Hotel-San-Roque_Spagna_2-2.jpg\" class=\"attachment-large size-large wp-image-53503\" alt=\"\" srcset=\"https:\/\/www.mvsevm.it\/wp-content\/uploads\/2021\/09\/Hotel-San-Roque_Spagna_2-2.jpg 610w, https:\/\/www.mvsevm.it\/wp-content\/uploads\/2021\/09\/Hotel-San-Roque_Spagna_2-2-300x225.jpg 300w, https:\/\/www.mvsevm.it\/wp-content\/uploads\/2021\/09\/Hotel-San-Roque_Spagna_2-2-600x450.jpg 600w\" sizes=\"auto, (max-width: 610px) 100vw, 610px\" \/><\/a>\t\t\t<\/div>\n\t\t<\/div>\n\t\t\t\t\t\t<div class=\"pp-post-content-wrap\">\n\t\t\t\t\t<div class=\"pp-post-content\">\n\t\t\t\t\t\t\t\t\t\t<div class=\"pp-post-terms-wrap\">\n\t\t\t<span class=\"pp-post-terms\">\n\t\t\t\t<span class=\"pp-post-term\"><a href=\"https:\/\/www.mvsevm.it\/es\/category\/progetti\/\">Progetti<\/a><\/span>\t\t\t<\/span>\n\t\t<\/div>\n\t\t\t\t\t\t\t\t\t\t<h2 class=\"pp-post-title\">\n\t\t\t\t<a href=\"https:\/\/www.mvsevm.it\/es\/hotel-san-roque-tenerife\/\">Hotel San Roque, Tenerife<\/a>\t\t\t<\/h2>\n\t\t\t\t\t\t\t\t\t<div class=\"pp-post-meta\">\n\t\t\t\t\t\t\t<\/div>\n\t\t\t\t\t\t\t<div class=\"pp-post-excerpt\">\n\t\t\t<p>Hotel San Roque Nuestro nuevo proyecto &#8211; Hotel San Roque. Detalle del Hotel San Roque, Tenerife, Espa\u00f1a, totalmente amueblado con &#8230;<\/p>\n\t\t<\/div>\n\t\t\t\t\t\t\t\t\t<\/div>\n\t\t\t\t<\/div>\n\t\t\t<\/div>\n\t\t\t\t\t<\/div>\n\t\t\t\t\t\t\t\t\t<\/div>\n\t\t\t\n\t\t\t\n\t\t\t\n\t\t\t\n\t\t\t\t\t\t\t\t\t\t\t\t<\/div>\n\n\t\t\n\t\t\t\t<\/div>\n\t\t\t\t<\/div>\n\t\t\t\t<div class=\"elementor-element elementor-element-fe835d9 jltma-glass-effect-no elementor-widget elementor-widget-spacer\" data-id=\"fe835d9\" data-element_type=\"widget\" data-widget_type=\"spacer.default\">\n\t\t\t\t<div class=\"elementor-widget-container\">\n\t\t\t\t\t<div class=\"elementor-spacer\">\n\t\t\t<div class=\"elementor-spacer-inner\"><\/div>\n\t\t<\/div>\n\t\t\t\t<\/div>\n\t\t\t\t<\/div>\n\t\t\t\t\t\t<\/div>\n\t\t\t\t\t<\/div>\n\t\t<\/div>\n\t\t\t\t\t\t\t\t<\/div>\n\t\t\t\t\t<\/div>\n\t\t<\/section>\n\t\t\t\t\t\t\t\t\t<\/div>\n\t\t\t<\/div>\n\t\t\t\t\t<\/div>\n\t\t","protected":false},"excerpt":{"rendered":"<p>Progetti Glory Chen Glory Chen Nuestro nuevo proyecto &#8211; Glory Chen. Situado en el barrio de moda del Soho &#8211; Nueva York, amueblado &#8230; News Video Mvsevm Descubra el mundo Mvsevm, sum\u00e9rjase en el estilo contempor\u00e1neo nacido de la experiencia y la excelencia italiana en el campo del Dise\u00f1o de Interiores. Acceda a nuestro canal [&hellip;]<\/p>\n","protected":false},"author":1,"featured_media":0,"parent":0,"menu_order":0,"comment_status":"closed","ping_status":"closed","template":"","meta":{"footnotes":""},"class_list":["post-58518","page","type-page","status-publish","hentry"],"yoast_head":"<!-- This site is optimized with the Yoast SEO plugin v25.2 - https:\/\/yoast.com\/wordpress\/plugins\/seo\/ -->\n<title>News - Mvsevm<\/title>\n<meta name=\"robots\" content=\"index, follow, max-snippet:-1, max-image-preview:large, max-video-preview:-1\" \/>\n<link rel=\"canonical\" href=\"https:\/\/www.mvsevm.it\/es\/news\/\" \/>\n<meta property=\"og:locale\" content=\"es_ES\" \/>\n<meta property=\"og:type\" content=\"article\" \/>\n<meta property=\"og:title\" content=\"News - Mvsevm\" \/>\n<meta property=\"og:description\" content=\"Progetti Glory Chen Glory Chen Nuestro nuevo proyecto &#8211; Glory Chen. Situado en el barrio de moda del Soho &#8211; Nueva York, amueblado &#8230; News Video Mvsevm Descubra el mundo Mvsevm, sum\u00e9rjase en el estilo contempor\u00e1neo nacido de la experiencia y la excelencia italiana en el campo del Dise\u00f1o de Interiores. Acceda a nuestro canal [&hellip;]\" \/>\n<meta property=\"og:url\" content=\"https:\/\/www.mvsevm.it\/es\/news\/\" \/>\n<meta property=\"og:site_name\" content=\"Mvsevm\" \/>\n<meta property=\"article:modified_time\" content=\"2022-04-26T09:33:40+00:00\" \/>\n<meta property=\"og:image\" content=\"http:\/\/mvsevm.it\/wp-content\/uploads\/2021\/07\/Melander-GloryChen-0055a-1024x768.jpg\" \/>\n<meta name=\"twitter:card\" content=\"summary_large_image\" \/>\n<meta name=\"twitter:label1\" content=\"Tiempo de lectura\" \/>\n\t<meta name=\"twitter:data1\" content=\"2 minutos\" \/>\n<script type=\"application\/ld+json\" class=\"yoast-schema-graph\">{\"@context\":\"https:\/\/schema.org\",\"@graph\":[{\"@type\":\"WebPage\",\"@id\":\"https:\/\/www.mvsevm.it\/es\/news\/\",\"url\":\"https:\/\/www.mvsevm.it\/es\/news\/\",\"name\":\"News - Mvsevm\",\"isPartOf\":{\"@id\":\"https:\/\/www.mvsevm.it\/es\/#website\"},\"primaryImageOfPage\":{\"@id\":\"https:\/\/www.mvsevm.it\/es\/news\/#primaryimage\"},\"image\":{\"@id\":\"https:\/\/www.mvsevm.it\/es\/news\/#primaryimage\"},\"thumbnailUrl\":\"http:\/\/mvsevm.it\/wp-content\/uploads\/2021\/07\/Melander-GloryChen-0055a-1024x768.jpg\",\"datePublished\":\"2021-11-12T11:20:53+00:00\",\"dateModified\":\"2022-04-26T09:33:40+00:00\",\"breadcrumb\":{\"@id\":\"https:\/\/www.mvsevm.it\/es\/news\/#breadcrumb\"},\"inLanguage\":\"es\",\"potentialAction\":[{\"@type\":\"ReadAction\",\"target\":[\"https:\/\/www.mvsevm.it\/es\/news\/\"]}]},{\"@type\":\"ImageObject\",\"inLanguage\":\"es\",\"@id\":\"https:\/\/www.mvsevm.it\/es\/news\/#primaryimage\",\"url\":\"http:\/\/mvsevm.it\/wp-content\/uploads\/2021\/07\/Melander-GloryChen-0055a-1024x768.jpg\",\"contentUrl\":\"http:\/\/mvsevm.it\/wp-content\/uploads\/2021\/07\/Melander-GloryChen-0055a-1024x768.jpg\"},{\"@type\":\"BreadcrumbList\",\"@id\":\"https:\/\/www.mvsevm.it\/es\/news\/#breadcrumb\",\"itemListElement\":[{\"@type\":\"ListItem\",\"position\":1,\"name\":\"Home\",\"item\":\"https:\/\/www.mvsevm.it\/es\/\"},{\"@type\":\"ListItem\",\"position\":2,\"name\":\"News\"}]},{\"@type\":\"WebSite\",\"@id\":\"https:\/\/www.mvsevm.it\/es\/#website\",\"url\":\"https:\/\/www.mvsevm.it\/es\/\",\"name\":\"Mvsevm\",\"description\":\"Arredamento Moderno\",\"publisher\":{\"@id\":\"https:\/\/www.mvsevm.it\/es\/#organization\"},\"potentialAction\":[{\"@type\":\"SearchAction\",\"target\":{\"@type\":\"EntryPoint\",\"urlTemplate\":\"https:\/\/www.mvsevm.it\/es\/?s={search_term_string}\"},\"query-input\":{\"@type\":\"PropertyValueSpecification\",\"valueRequired\":true,\"valueName\":\"search_term_string\"}}],\"inLanguage\":\"es\"},{\"@type\":\"Organization\",\"@id\":\"https:\/\/www.mvsevm.it\/es\/#organization\",\"name\":\"Mvsevm\",\"url\":\"https:\/\/www.mvsevm.it\/es\/\",\"logo\":{\"@type\":\"ImageObject\",\"inLanguage\":\"es\",\"@id\":\"https:\/\/www.mvsevm.it\/es\/#\/schema\/logo\/image\/\",\"url\":\"https:\/\/www.mvsevm.it\/wp-content\/uploads\/2021\/06\/cropped-mvsevm-logo-black1.png\",\"contentUrl\":\"https:\/\/www.mvsevm.it\/wp-content\/uploads\/2021\/06\/cropped-mvsevm-logo-black1.png\",\"width\":281,\"height\":80,\"caption\":\"Mvsevm\"},\"image\":{\"@id\":\"https:\/\/www.mvsevm.it\/es\/#\/schema\/logo\/image\/\"}}]}<\/script>\n<!-- \/ Yoast SEO plugin. -->","yoast_head_json":{"title":"News - Mvsevm","robots":{"index":"index","follow":"follow","max-snippet":"max-snippet:-1","max-image-preview":"max-image-preview:large","max-video-preview":"max-video-preview:-1"},"canonical":"https:\/\/www.mvsevm.it\/es\/news\/","og_locale":"es_ES","og_type":"article","og_title":"News - Mvsevm","og_description":"Progetti Glory Chen Glory Chen Nuestro nuevo proyecto &#8211; Glory Chen. Situado en el barrio de moda del Soho &#8211; Nueva York, amueblado &#8230; News Video Mvsevm Descubra el mundo Mvsevm, sum\u00e9rjase en el estilo contempor\u00e1neo nacido de la experiencia y la excelencia italiana en el campo del Dise\u00f1o de Interiores. Acceda a nuestro canal [&hellip;]","og_url":"https:\/\/www.mvsevm.it\/es\/news\/","og_site_name":"Mvsevm","article_modified_time":"2022-04-26T09:33:40+00:00","og_image":[{"url":"http:\/\/mvsevm.it\/wp-content\/uploads\/2021\/07\/Melander-GloryChen-0055a-1024x768.jpg","type":"","width":"","height":""}],"twitter_card":"summary_large_image","twitter_misc":{"Tiempo de lectura":"2 minutos"},"schema":{"@context":"https:\/\/schema.org","@graph":[{"@type":"WebPage","@id":"https:\/\/www.mvsevm.it\/es\/news\/","url":"https:\/\/www.mvsevm.it\/es\/news\/","name":"News - Mvsevm","isPartOf":{"@id":"https:\/\/www.mvsevm.it\/es\/#website"},"primaryImageOfPage":{"@id":"https:\/\/www.mvsevm.it\/es\/news\/#primaryimage"},"image":{"@id":"https:\/\/www.mvsevm.it\/es\/news\/#primaryimage"},"thumbnailUrl":"http:\/\/mvsevm.it\/wp-content\/uploads\/2021\/07\/Melander-GloryChen-0055a-1024x768.jpg","datePublished":"2021-11-12T11:20:53+00:00","dateModified":"2022-04-26T09:33:40+00:00","breadcrumb":{"@id":"https:\/\/www.mvsevm.it\/es\/news\/#breadcrumb"},"inLanguage":"es","potentialAction":[{"@type":"ReadAction","target":["https:\/\/www.mvsevm.it\/es\/news\/"]}]},{"@type":"ImageObject","inLanguage":"es","@id":"https:\/\/www.mvsevm.it\/es\/news\/#primaryimage","url":"http:\/\/mvsevm.it\/wp-content\/uploads\/2021\/07\/Melander-GloryChen-0055a-1024x768.jpg","contentUrl":"http:\/\/mvsevm.it\/wp-content\/uploads\/2021\/07\/Melander-GloryChen-0055a-1024x768.jpg"},{"@type":"BreadcrumbList","@id":"https:\/\/www.mvsevm.it\/es\/news\/#breadcrumb","itemListElement":[{"@type":"ListItem","position":1,"name":"Home","item":"https:\/\/www.mvsevm.it\/es\/"},{"@type":"ListItem","position":2,"name":"News"}]},{"@type":"WebSite","@id":"https:\/\/www.mvsevm.it\/es\/#website","url":"https:\/\/www.mvsevm.it\/es\/","name":"Mvsevm","description":"Arredamento Moderno","publisher":{"@id":"https:\/\/www.mvsevm.it\/es\/#organization"},"potentialAction":[{"@type":"SearchAction","target":{"@type":"EntryPoint","urlTemplate":"https:\/\/www.mvsevm.it\/es\/?s={search_term_string}"},"query-input":{"@type":"PropertyValueSpecification","valueRequired":true,"valueName":"search_term_string"}}],"inLanguage":"es"},{"@type":"Organization","@id":"https:\/\/www.mvsevm.it\/es\/#organization","name":"Mvsevm","url":"https:\/\/www.mvsevm.it\/es\/","logo":{"@type":"ImageObject","inLanguage":"es","@id":"https:\/\/www.mvsevm.it\/es\/#\/schema\/logo\/image\/","url":"https:\/\/www.mvsevm.it\/wp-content\/uploads\/2021\/06\/cropped-mvsevm-logo-black1.png","contentUrl":"https:\/\/www.mvsevm.it\/wp-content\/uploads\/2021\/06\/cropped-mvsevm-logo-black1.png","width":281,"height":80,"caption":"Mvsevm"},"image":{"@id":"https:\/\/www.mvsevm.it\/es\/#\/schema\/logo\/image\/"}}]}},"_links":{"self":[{"href":"https:\/\/www.mvsevm.it\/es\/wp-json\/wp\/v2\/pages\/58518","targetHints":{"allow":["GET"]}}],"collection":[{"href":"https:\/\/www.mvsevm.it\/es\/wp-json\/wp\/v2\/pages"}],"about":[{"href":"https:\/\/www.mvsevm.it\/es\/wp-json\/wp\/v2\/types\/page"}],"author":[{"embeddable":true,"href":"https:\/\/www.mvsevm.it\/es\/wp-json\/wp\/v2\/users\/1"}],"replies":[{"embeddable":true,"href":"https:\/\/www.mvsevm.it\/es\/wp-json\/wp\/v2\/comments?post=58518"}],"version-history":[{"count":7,"href":"https:\/\/www.mvsevm.it\/es\/wp-json\/wp\/v2\/pages\/58518\/revisions"}],"predecessor-version":[{"id":61261,"href":"https:\/\/www.mvsevm.it\/es\/wp-json\/wp\/v2\/pages\/58518\/revisions\/61261"}],"wp:attachment":[{"href":"https:\/\/www.mvsevm.it\/es\/wp-json\/wp\/v2\/media?parent=58518"}],"curies":[{"name":"wp","href":"https:\/\/api.w.org\/{rel}","templated":true}]}}