{"id":37823,"date":"2021-05-12T12:44:41","date_gmt":"2021-05-12T10:44:41","guid":{"rendered":"http:\/\/mvsevm.it\/complements\/"},"modified":"2021-10-28T15:48:13","modified_gmt":"2021-10-28T13:48:13","slug":"complements","status":"publish","type":"page","link":"https:\/\/www.mvsevm.it\/fr\/complements\/","title":{"rendered":"Complements"},"content":{"rendered":"\t\t<div data-elementor-type=\"wp-page\" data-elementor-id=\"37823\" class=\"elementor elementor-37823 elementor-22153\" data-elementor-post-type=\"page\">\n\t\t\t\t\t\t<div class=\"elementor-inner\">\n\t\t\t\t<div class=\"elementor-section-wrap\">\n\t\t\t\t\t\t\t\t\t<section class=\"has_ma_el_bg_slider elementor-section elementor-top-section elementor-element elementor-element-0aa7ff2 elementor-section-full_width elementor-section-height-default elementor-section-height-default jltma-glass-effect-no\" data-id=\"0aa7ff2\" data-element_type=\"section\" data-settings=\"{&quot;background_background&quot;:&quot;classic&quot;}\">\n\t\t\t\t\t\t<div class=\"elementor-container elementor-column-gap-no\">\n\t\t\t\t\t\t\t<div class=\"elementor-row\">\n\t\t\t\t\t<div class=\"has_ma_el_bg_slider elementor-column elementor-col-100 elementor-top-column elementor-element elementor-element-406cc77 jltma-glass-effect-no\" data-id=\"406cc77\" data-element_type=\"column\">\n\t\t\t<div class=\"elementor-column-wrap elementor-element-populated\">\n\t\t\t\t\t\t\t<div class=\"elementor-widget-wrap\">\n\t\t\t\t\t\t<div class=\"elementor-element elementor-element-26f4b6d jltma-glass-effect-no elementor-widget elementor-widget-rhye-widget-parallax-background\" data-id=\"26f4b6d\" data-element_type=\"widget\" data-widget_type=\"rhye-widget-parallax-background.default\">\n\t\t\t\t<div class=\"elementor-widget-container\">\n\t\t\t\n\t\t\t\t\t\t\t\t\t\t\t\t\t\t<div class=\"section section-image section text-center\" data-arts-parallax=true data-arts-parallax-factor=0.1 data-arts-os-animation=true>\n\t\t\t\t\t\t\t\t\t\t\t\t\t\t<div class=\"section-image__wrapper overflow mask-reveal lazy-bg\" >\n\t\t\t\t\t\t\t\t\t\t\t\t\t<div class=\"mask-reveal__layer mask-reveal__layer-1\">\n\t\t\t\t\t\t<div class=\"mask-reveal__layer mask-reveal__layer-2\">\n\t\t\t\t\t\t\t\t\t\t\t\t\t\t\t\t\t\t<img loading=\"lazy\" decoding=\"async\" class=\"of-cover\" src=\"data:image\/png;base64,iVBORw0KGgoAAAANSUhEUgAAAAEAAAABCAQAAAHCGzyUAAAABGdBTUEAALGPC\/xhBQAAADhlWElmTU0AKgAAAAgAAYdpAAQAAAABAAAAGgAAAAAAAqACAAQAAAABAAAAAaADAAQAAAABAAAAAQAAAADa6r\/EAAAAC0lEQVQI12NolQQAASYAn89qhTcAAAAASUVORK5CYII=\" data-src=\"https:\/\/www.mvsevm.it\/wp-content\/uploads\/2021\/08\/header_categorie11.jpg\" width=\"1920\" height=\"500\"  data-srcset=\"https:\/\/www.mvsevm.it\/wp-content\/uploads\/2021\/08\/header_categorie11.jpg 1920w, https:\/\/www.mvsevm.it\/wp-content\/uploads\/2021\/08\/header_categorie11-300x78.jpg 300w, https:\/\/www.mvsevm.it\/wp-content\/uploads\/2021\/08\/header_categorie11-1024x267.jpg 1024w, https:\/\/www.mvsevm.it\/wp-content\/uploads\/2021\/08\/header_categorie11-768x200.jpg 768w, https:\/\/www.mvsevm.it\/wp-content\/uploads\/2021\/08\/header_categorie11-1536x400.jpg 1536w, https:\/\/www.mvsevm.it\/wp-content\/uploads\/2021\/08\/header_categorie11-600x156.jpg 600w\"   data-sizes=\"(max-width: 1920px) 100vw, 1920px\"  alt=\"\" \/>\n\t\t\t\t\t\t\t\t\t\t\t\t\t\t\t\t\t\t\t\t\t\t\t\t\t\t\t<\/div>\n\t\t\t\t\t<\/div>\n\t\t\t\t\t\t\t\t<\/div>\n\t\t\t\t\t\t\t\t\t\t\t\t\t\t<\/div>\n\t\t\t\t\t\t\t\t\t\n\t\t\t\t<\/div>\n\t\t\t\t<\/div>\n\t\t\t\t\t\t<\/div>\n\t\t\t\t\t<\/div>\n\t\t<\/div>\n\t\t\t\t\t\t\t\t<\/div>\n\t\t\t\t\t<\/div>\n\t\t<\/section>\n\t\t\t\t<section class=\"has_ma_el_bg_slider elementor-section elementor-top-section elementor-element elementor-element-f3aba90 elementor-section-boxed elementor-section-height-default elementor-section-height-default jltma-glass-effect-no\" data-id=\"f3aba90\" data-element_type=\"section\">\n\t\t\t\t\t\t<div class=\"elementor-container elementor-column-gap-default\">\n\t\t\t\t\t\t\t<div class=\"elementor-row\">\n\t\t\t\t\t<div class=\"has_ma_el_bg_slider elementor-column elementor-col-100 elementor-top-column elementor-element elementor-element-e40419d jltma-glass-effect-no\" data-id=\"e40419d\" data-element_type=\"column\">\n\t\t\t<div class=\"elementor-column-wrap elementor-element-populated\">\n\t\t\t\t\t\t\t<div class=\"elementor-widget-wrap\">\n\t\t\t\t\t\t<div class=\"elementor-element elementor-element-28b471e text-center jltma-glass-effect-no elementor-widget elementor-widget-rhye-widget-content-block\" data-id=\"28b471e\" data-element_type=\"widget\" data-widget_type=\"rhye-widget-content-block.default\">\n\t\t\t\t<div class=\"elementor-widget-container\">\n\t\t\t\n\t\t<div class=\"section section-content clearfix  \" data-arts-os-animation=\"true\">\n\t\t\t\t\t\t<div class=\"section-content__inner\">\n\t\t\t\t\t\t\t\t\t<div class=\"section-content__wrapper-heading\">\n\t\t\t\t\t\t\t\t\t\t\t\t\t\t\t\t\t\t\t<div class=\"section-content__heading split-text js-split-text mb-1\" data-split-text-type=\"lines,words\" data-split-text-set=\"words\"><h2 style=\"text-align: center;\">Complements<\/h2>\n<\/div>\n\t\t\t\t\t\t\t\t\t\t\t<\/div>\n\t\t\t\t\t\t\t\t\t\t\t\t\t<div class=\"section-content__wrapper-content\">\n\t\t\t\t\t\t\t\t\t\t\t\t\t<div class=\"w-100\"><\/div>\n\t\t\t\t\t\t\t\t\t\t\t\t\t\t<div class=\"section__headline mt-1 mt-md-2 mb-1 mb-md-2\"><\/div>\n\t\t\t\t\t\t\t\t\t\t\t\t\t\t\t\t\t\t\t<div class=\"w-100\"><\/div>\n\t\t\t\t\t\t\t<div class=\"section-content__text split-text js-split-text\" data-split-text-type=\"lines\" data-split-text-set=\"lines\"><p style=\"padding-top: 20px;\">Le lit a besoin d'ameublement \u00e0 ses c\u00f4t\u00e9s pour prolonger le style et la beaut\u00e9 de la nuit. Pour cette<br \/>\nraison, il s\u2019entoure de compl\u00e9ments qui compl\u00e8tent la pi\u00e8ce et ajoutent des espaces \u00e0 la chambre \u00e0 coucher : dans les tiroirs et derri\u00e8re les vantaux, des objets sont gard\u00e9s et des souvenirs sont conserv\u00e9s, chaque chose trouve sa place. Les ameublements dialoguent ouvertement entre eux \u00e0 travers les formes, les finitions et les d\u00e9tails artisanaux et, dans leur ensemble, ils cr\u00e9ent une nuit de r\u00eave.<\/p>\n<\/div>\n\t\t\t\t\t\t\t\t\t\t\t<\/div>\n\t\t\t\t\t\t\t\t\t\t\t<\/div>\n\t\t\t\t\t\t\t\t\t\t\t\t\t\t<\/div>\n\n\t\t\t\t<\/div>\n\t\t\t\t<\/div>\n\t\t\t\t\t\t<\/div>\n\t\t\t\t\t<\/div>\n\t\t<\/div>\n\t\t\t\t\t\t\t\t<\/div>\n\t\t\t\t\t<\/div>\n\t\t<\/section>\n\t\t\t\t<section class=\"has_ma_el_bg_slider elementor-section elementor-top-section elementor-element elementor-element-a45ada5 elementor-section-boxed elementor-section-height-default elementor-section-height-default jltma-glass-effect-no\" data-id=\"a45ada5\" data-element_type=\"section\">\n\t\t\t\t\t\t<div class=\"elementor-container elementor-column-gap-default\">\n\t\t\t\t\t\t\t<div class=\"elementor-row\">\n\t\t\t\t\t<div class=\"has_ma_el_bg_slider elementor-column elementor-col-100 elementor-top-column elementor-element elementor-element-375ef80 jltma-glass-effect-no\" data-id=\"375ef80\" data-element_type=\"column\">\n\t\t\t<div class=\"elementor-column-wrap elementor-element-populated\">\n\t\t\t\t\t\t\t<div class=\"elementor-widget-wrap\">\n\t\t\t\t\t\t\t\t<\/div>\n\t\t\t\t\t<\/div>\n\t\t<\/div>\n\t\t\t\t\t\t\t\t<\/div>\n\t\t\t\t\t<\/div>\n\t\t<\/section>\n\t\t\t\t\t\t\t\t\t<\/div>\n\t\t\t<\/div>\n\t\t\t\t\t<\/div>\n\t\t","protected":false},"excerpt":{"rendered":"<p>Complements Le lit a besoin d&rsquo;ameublement \u00e0 ses c\u00f4t\u00e9s pour prolonger le style et la beaut\u00e9 de la nuit. Pour cette raison, il s\u2019entoure de compl\u00e9ments qui compl\u00e8tent la pi\u00e8ce et ajoutent des espaces \u00e0 la chambre \u00e0 coucher : dans les tiroirs et derri\u00e8re les vantaux, des objets sont gard\u00e9s et des souvenirs sont [&hellip;]<\/p>\n","protected":false},"author":1,"featured_media":0,"parent":0,"menu_order":0,"comment_status":"closed","ping_status":"closed","template":"elementor_header_footer","meta":{"footnotes":""},"class_list":["post-37823","page","type-page","status-publish","hentry"],"yoast_head":"<!-- This site is optimized with the Yoast SEO plugin v25.2 - https:\/\/yoast.com\/wordpress\/plugins\/seo\/ -->\n<title>Complements - Mvsevm<\/title>\n<meta name=\"robots\" content=\"index, follow, max-snippet:-1, max-image-preview:large, max-video-preview:-1\" \/>\n<link rel=\"canonical\" href=\"https:\/\/www.mvsevm.it\/fr\/complements\/\" \/>\n<meta property=\"og:locale\" content=\"fr_FR\" \/>\n<meta property=\"og:type\" content=\"article\" \/>\n<meta property=\"og:title\" content=\"Complements - Mvsevm\" \/>\n<meta property=\"og:description\" content=\"Complements Le lit a besoin d&rsquo;ameublement \u00e0 ses c\u00f4t\u00e9s pour prolonger le style et la beaut\u00e9 de la nuit. Pour cette raison, il s\u2019entoure de compl\u00e9ments qui compl\u00e8tent la pi\u00e8ce et ajoutent des espaces \u00e0 la chambre \u00e0 coucher : dans les tiroirs et derri\u00e8re les vantaux, des objets sont gard\u00e9s et des souvenirs sont [&hellip;]\" \/>\n<meta property=\"og:url\" content=\"https:\/\/www.mvsevm.it\/fr\/complements\/\" \/>\n<meta property=\"og:site_name\" content=\"Mvsevm\" \/>\n<meta property=\"article:modified_time\" content=\"2021-10-28T13:48:13+00:00\" \/>\n<meta property=\"og:image\" content=\"\" \/>\n<meta name=\"twitter:card\" content=\"summary_large_image\" \/>\n<meta name=\"twitter:label1\" content=\"Dur\u00e9e de lecture estim\u00e9e\" \/>\n\t<meta name=\"twitter:data1\" content=\"3 minutes\" \/>\n<script type=\"application\/ld+json\" class=\"yoast-schema-graph\">{\"@context\":\"https:\/\/schema.org\",\"@graph\":[{\"@type\":\"WebPage\",\"@id\":\"https:\/\/www.mvsevm.it\/fr\/complements\/\",\"url\":\"https:\/\/www.mvsevm.it\/fr\/complements\/\",\"name\":\"Complements - Mvsevm\",\"isPartOf\":{\"@id\":\"https:\/\/www.mvsevm.it\/fr\/#website\"},\"datePublished\":\"2021-05-12T10:44:41+00:00\",\"dateModified\":\"2021-10-28T13:48:13+00:00\",\"breadcrumb\":{\"@id\":\"https:\/\/www.mvsevm.it\/fr\/complements\/#breadcrumb\"},\"inLanguage\":\"fr-FR\",\"potentialAction\":[{\"@type\":\"ReadAction\",\"target\":[\"https:\/\/www.mvsevm.it\/fr\/complements\/\"]}]},{\"@type\":\"BreadcrumbList\",\"@id\":\"https:\/\/www.mvsevm.it\/fr\/complements\/#breadcrumb\",\"itemListElement\":[{\"@type\":\"ListItem\",\"position\":1,\"name\":\"Home\",\"item\":\"https:\/\/www.mvsevm.it\/fr\/\"},{\"@type\":\"ListItem\",\"position\":2,\"name\":\"Complements\"}]},{\"@type\":\"WebSite\",\"@id\":\"https:\/\/www.mvsevm.it\/fr\/#website\",\"url\":\"https:\/\/www.mvsevm.it\/fr\/\",\"name\":\"Mvsevm\",\"description\":\"Arredamento Moderno\",\"publisher\":{\"@id\":\"https:\/\/www.mvsevm.it\/fr\/#organization\"},\"potentialAction\":[{\"@type\":\"SearchAction\",\"target\":{\"@type\":\"EntryPoint\",\"urlTemplate\":\"https:\/\/www.mvsevm.it\/fr\/?s={search_term_string}\"},\"query-input\":{\"@type\":\"PropertyValueSpecification\",\"valueRequired\":true,\"valueName\":\"search_term_string\"}}],\"inLanguage\":\"fr-FR\"},{\"@type\":\"Organization\",\"@id\":\"https:\/\/www.mvsevm.it\/fr\/#organization\",\"name\":\"Mvsevm\",\"url\":\"https:\/\/www.mvsevm.it\/fr\/\",\"logo\":{\"@type\":\"ImageObject\",\"inLanguage\":\"fr-FR\",\"@id\":\"https:\/\/www.mvsevm.it\/fr\/#\/schema\/logo\/image\/\",\"url\":\"https:\/\/www.mvsevm.it\/wp-content\/uploads\/2021\/06\/cropped-mvsevm-logo-black1.png\",\"contentUrl\":\"https:\/\/www.mvsevm.it\/wp-content\/uploads\/2021\/06\/cropped-mvsevm-logo-black1.png\",\"width\":281,\"height\":80,\"caption\":\"Mvsevm\"},\"image\":{\"@id\":\"https:\/\/www.mvsevm.it\/fr\/#\/schema\/logo\/image\/\"}}]}<\/script>\n<!-- \/ Yoast SEO plugin. -->","yoast_head_json":{"title":"Complements - Mvsevm","robots":{"index":"index","follow":"follow","max-snippet":"max-snippet:-1","max-image-preview":"max-image-preview:large","max-video-preview":"max-video-preview:-1"},"canonical":"https:\/\/www.mvsevm.it\/fr\/complements\/","og_locale":"fr_FR","og_type":"article","og_title":"Complements - Mvsevm","og_description":"Complements Le lit a besoin d&rsquo;ameublement \u00e0 ses c\u00f4t\u00e9s pour prolonger le style et la beaut\u00e9 de la nuit. Pour cette raison, il s\u2019entoure de compl\u00e9ments qui compl\u00e8tent la pi\u00e8ce et ajoutent des espaces \u00e0 la chambre \u00e0 coucher : dans les tiroirs et derri\u00e8re les vantaux, des objets sont gard\u00e9s et des souvenirs sont [&hellip;]","og_url":"https:\/\/www.mvsevm.it\/fr\/complements\/","og_site_name":"Mvsevm","article_modified_time":"2021-10-28T13:48:13+00:00","og_image":[{"url":"data:image\/png;base64,iVBORw0KGgoAAAANSUhEUgAAAAEAAAABCAQAAAHCGzyUAAAABGdBTUEAALGPC\/xhBQAAADhlWElmTU0AKgAAAAgAAYdpAAQAAAABAAAAGgAAAAAAAqACAAQAAAABAAAAAaADAAQAAAABAAAAAQAAAADa6r\/EAAAAC0lEQVQI12NolQQAASYAn89qhTcAAAAASUVORK5CYII=","type":"","width":"","height":""}],"twitter_card":"summary_large_image","twitter_misc":{"Dur\u00e9e de lecture estim\u00e9e":"3 minutes"},"schema":{"@context":"https:\/\/schema.org","@graph":[{"@type":"WebPage","@id":"https:\/\/www.mvsevm.it\/fr\/complements\/","url":"https:\/\/www.mvsevm.it\/fr\/complements\/","name":"Complements - Mvsevm","isPartOf":{"@id":"https:\/\/www.mvsevm.it\/fr\/#website"},"datePublished":"2021-05-12T10:44:41+00:00","dateModified":"2021-10-28T13:48:13+00:00","breadcrumb":{"@id":"https:\/\/www.mvsevm.it\/fr\/complements\/#breadcrumb"},"inLanguage":"fr-FR","potentialAction":[{"@type":"ReadAction","target":["https:\/\/www.mvsevm.it\/fr\/complements\/"]}]},{"@type":"BreadcrumbList","@id":"https:\/\/www.mvsevm.it\/fr\/complements\/#breadcrumb","itemListElement":[{"@type":"ListItem","position":1,"name":"Home","item":"https:\/\/www.mvsevm.it\/fr\/"},{"@type":"ListItem","position":2,"name":"Complements"}]},{"@type":"WebSite","@id":"https:\/\/www.mvsevm.it\/fr\/#website","url":"https:\/\/www.mvsevm.it\/fr\/","name":"Mvsevm","description":"Arredamento Moderno","publisher":{"@id":"https:\/\/www.mvsevm.it\/fr\/#organization"},"potentialAction":[{"@type":"SearchAction","target":{"@type":"EntryPoint","urlTemplate":"https:\/\/www.mvsevm.it\/fr\/?s={search_term_string}"},"query-input":{"@type":"PropertyValueSpecification","valueRequired":true,"valueName":"search_term_string"}}],"inLanguage":"fr-FR"},{"@type":"Organization","@id":"https:\/\/www.mvsevm.it\/fr\/#organization","name":"Mvsevm","url":"https:\/\/www.mvsevm.it\/fr\/","logo":{"@type":"ImageObject","inLanguage":"fr-FR","@id":"https:\/\/www.mvsevm.it\/fr\/#\/schema\/logo\/image\/","url":"https:\/\/www.mvsevm.it\/wp-content\/uploads\/2021\/06\/cropped-mvsevm-logo-black1.png","contentUrl":"https:\/\/www.mvsevm.it\/wp-content\/uploads\/2021\/06\/cropped-mvsevm-logo-black1.png","width":281,"height":80,"caption":"Mvsevm"},"image":{"@id":"https:\/\/www.mvsevm.it\/fr\/#\/schema\/logo\/image\/"}}]}},"_links":{"self":[{"href":"https:\/\/www.mvsevm.it\/fr\/wp-json\/wp\/v2\/pages\/37823","targetHints":{"allow":["GET"]}}],"collection":[{"href":"https:\/\/www.mvsevm.it\/fr\/wp-json\/wp\/v2\/pages"}],"about":[{"href":"https:\/\/www.mvsevm.it\/fr\/wp-json\/wp\/v2\/types\/page"}],"author":[{"embeddable":true,"href":"https:\/\/www.mvsevm.it\/fr\/wp-json\/wp\/v2\/users\/1"}],"replies":[{"embeddable":true,"href":"https:\/\/www.mvsevm.it\/fr\/wp-json\/wp\/v2\/comments?post=37823"}],"version-history":[{"count":19,"href":"https:\/\/www.mvsevm.it\/fr\/wp-json\/wp\/v2\/pages\/37823\/revisions"}],"predecessor-version":[{"id":56654,"href":"https:\/\/www.mvsevm.it\/fr\/wp-json\/wp\/v2\/pages\/37823\/revisions\/56654"}],"wp:attachment":[{"href":"https:\/\/www.mvsevm.it\/fr\/wp-json\/wp\/v2\/media?parent=37823"}],"curies":[{"name":"wp","href":"https:\/\/api.w.org\/{rel}","templated":true}]}}