{"id":38075,"date":"2021-05-12T14:52:02","date_gmt":"2021-05-12T12:52:02","guid":{"rendered":"http:\/\/mvsevm.it\/lits\/"},"modified":"2025-06-07T11:33:28","modified_gmt":"2025-06-07T09:33:28","slug":"lits","status":"publish","type":"page","link":"https:\/\/www.mvsevm.it\/fr\/lits\/","title":{"rendered":"Lits"},"content":{"rendered":"\t\t<div data-elementor-type=\"wp-page\" data-elementor-id=\"38075\" class=\"elementor elementor-38075 elementor-22140\" data-elementor-post-type=\"page\">\n\t\t\t\t\t\t<div class=\"elementor-inner\">\n\t\t\t\t<div class=\"elementor-section-wrap\">\n\t\t\t\t\t\t\t\t\t<section class=\"has_ma_el_bg_slider elementor-section elementor-top-section elementor-element elementor-element-b10f813 elementor-section-full_width elementor-section-height-default elementor-section-height-default jltma-glass-effect-no\" data-id=\"b10f813\" data-element_type=\"section\" data-settings=\"{&quot;background_background&quot;:&quot;classic&quot;}\">\n\t\t\t\t\t\t<div class=\"elementor-container elementor-column-gap-no\">\n\t\t\t\t\t\t\t<div class=\"elementor-row\">\n\t\t\t\t\t<div class=\"has_ma_el_bg_slider elementor-column elementor-col-100 elementor-top-column elementor-element elementor-element-1d21421 jltma-glass-effect-no\" data-id=\"1d21421\" data-element_type=\"column\">\n\t\t\t<div class=\"elementor-column-wrap elementor-element-populated\">\n\t\t\t\t\t\t\t<div class=\"elementor-widget-wrap\">\n\t\t\t\t\t\t<div class=\"elementor-element elementor-element-8b292a1 jltma-glass-effect-no elementor-widget elementor-widget-rhye-widget-parallax-background\" data-id=\"8b292a1\" data-element_type=\"widget\" data-widget_type=\"rhye-widget-parallax-background.default\">\n\t\t\t\t<div class=\"elementor-widget-container\">\n\t\t\t\n\t\t\t\t\t\t\t\t\t\t\t\t\t\t<div class=\"section section-image section text-center\" data-arts-parallax=true data-arts-parallax-factor=0.1 data-arts-os-animation=true>\n\t\t\t\t\t\t\t\t\t\t\t\t\t\t<div class=\"section-image__wrapper overflow mask-reveal lazy-bg\" >\n\t\t\t\t\t\t\t\t\t\t\t\t\t<div class=\"mask-reveal__layer mask-reveal__layer-1\">\n\t\t\t\t\t\t<div class=\"mask-reveal__layer mask-reveal__layer-2\">\n\t\t\t\t\t\t\t\t\t\t\t\t\t\t\t\t\t\t<img loading=\"lazy\" decoding=\"async\" class=\"of-cover\" src=\"data:image\/png;base64,iVBORw0KGgoAAAANSUhEUgAAAAEAAAABCAQAAAHCGzyUAAAABGdBTUEAALGPC\/xhBQAAADhlWElmTU0AKgAAAAgAAYdpAAQAAAABAAAAGgAAAAAAAqACAAQAAAABAAAAAaADAAQAAAABAAAAAQAAAADa6r\/EAAAAC0lEQVQI12NolQQAASYAn89qhTcAAAAASUVORK5CYII=\" data-src=\"https:\/\/www.mvsevm.it\/wp-content\/uploads\/2021\/07\/header_categorie6.jpg\" width=\"1920\" height=\"500\"  data-srcset=\"https:\/\/www.mvsevm.it\/wp-content\/uploads\/2021\/07\/header_categorie6.jpg 1920w, https:\/\/www.mvsevm.it\/wp-content\/uploads\/2021\/07\/header_categorie6-300x78.jpg 300w, https:\/\/www.mvsevm.it\/wp-content\/uploads\/2021\/07\/header_categorie6-1024x267.jpg 1024w, https:\/\/www.mvsevm.it\/wp-content\/uploads\/2021\/07\/header_categorie6-768x200.jpg 768w, https:\/\/www.mvsevm.it\/wp-content\/uploads\/2021\/07\/header_categorie6-1536x400.jpg 1536w, https:\/\/www.mvsevm.it\/wp-content\/uploads\/2021\/07\/header_categorie6-600x156.jpg 600w\"   data-sizes=\"(max-width: 1920px) 100vw, 1920px\"  alt=\"\" \/>\n\t\t\t\t\t\t\t\t\t\t\t\t\t\t\t\t\t\t\t\t\t\t\t\t\t\t\t<\/div>\n\t\t\t\t\t<\/div>\n\t\t\t\t\t\t\t\t<\/div>\n\t\t\t\t\t\t\t\t\t\t\t\t\t\t<\/div>\n\t\t\t\t\t\t\t\t\t\n\t\t\t\t<\/div>\n\t\t\t\t<\/div>\n\t\t\t\t\t\t<\/div>\n\t\t\t\t\t<\/div>\n\t\t<\/div>\n\t\t\t\t\t\t\t\t<\/div>\n\t\t\t\t\t<\/div>\n\t\t<\/section>\n\t\t\t\t<section class=\"has_ma_el_bg_slider elementor-section elementor-top-section elementor-element elementor-element-f3aba90 elementor-section-boxed elementor-section-height-default elementor-section-height-default jltma-glass-effect-no\" data-id=\"f3aba90\" data-element_type=\"section\">\n\t\t\t\t\t\t<div class=\"elementor-container elementor-column-gap-default\">\n\t\t\t\t\t\t\t<div class=\"elementor-row\">\n\t\t\t\t\t<div class=\"has_ma_el_bg_slider elementor-column elementor-col-100 elementor-top-column elementor-element elementor-element-e40419d jltma-glass-effect-no\" data-id=\"e40419d\" data-element_type=\"column\">\n\t\t\t<div class=\"elementor-column-wrap elementor-element-populated\">\n\t\t\t\t\t\t\t<div class=\"elementor-widget-wrap\">\n\t\t\t\t\t\t<div class=\"elementor-element elementor-element-28b471e text-center jltma-glass-effect-no elementor-widget elementor-widget-rhye-widget-content-block\" data-id=\"28b471e\" data-element_type=\"widget\" data-widget_type=\"rhye-widget-content-block.default\">\n\t\t\t\t<div class=\"elementor-widget-container\">\n\t\t\t\n\t\t<div class=\"section section-content clearfix  \" data-arts-os-animation=\"true\">\n\t\t\t\t\t\t<div class=\"section-content__inner\">\n\t\t\t\t\t\t\t\t\t<div class=\"section-content__wrapper-heading\">\n\t\t\t\t\t\t\t\t\t\t\t\t\t\t\t\t\t\t\t<div class=\"section-content__heading split-text js-split-text mb-1\" data-split-text-type=\"lines,words\" data-split-text-set=\"words\"><h2 style=\"text-align: center;\">Lits<\/h2>\n<\/div>\n\t\t\t\t\t\t\t\t\t\t\t<\/div>\n\t\t\t\t\t\t\t\t\t\t\t\t\t<div class=\"section-content__wrapper-content\">\n\t\t\t\t\t\t\t\t\t\t\t\t\t<div class=\"w-100\"><\/div>\n\t\t\t\t\t\t\t\t\t\t\t\t\t\t<div class=\"section__headline mt-1 mt-md-2 mb-1 mb-md-2\"><\/div>\n\t\t\t\t\t\t\t\t\t\t\t\t\t\t\t\t\t\t\t<div class=\"w-100\"><\/div>\n\t\t\t\t\t\t\t<div class=\"section-content__text split-text js-split-text\" data-split-text-type=\"lines\" data-split-text-set=\"lines\"><p style=\"padding-top: 20px;\">\"Les lignes douillettes, les t\u00eates rembourr\u00e9es et les finitions de qualit\u00e9 accueillent qui revient d\u2019un long voyage dans le style Alivar. Le lit en tant que centre de gravit\u00e9 permanent, comme lieu o\u00f9 retrouver la chaleur de la maison et ses propres certitudes. On s'y \u00e9tend pour revivre avec l\u2019esprit et avec le c\u0153ur des haltes et des exp\u00e9riences, on s\u2019y d\u00e9tend les yeux ferm\u00e9s pour se pr\u00e9parer \u00e0 des jours nouveaux, on y r\u00eave les yeux ouverts \u00e0 de nouvelles destinations \u00e0 d\u00e9couvrir. Le meuble des r\u00eaves devient lui-m\u00eame un r\u00eave, protagoniste dans la chambre.\"<\/p>\n<\/div>\n\t\t\t\t\t\t\t\t\t\t\t<\/div>\n\t\t\t\t\t\t\t\t\t\t\t<\/div>\n\t\t\t\t\t\t\t\t\t\t\t\t\t\t<\/div>\n\n\t\t\t\t<\/div>\n\t\t\t\t<\/div>\n\t\t\t\t\t\t<\/div>\n\t\t\t\t\t<\/div>\n\t\t<\/div>\n\t\t\t\t\t\t\t\t<\/div>\n\t\t\t\t\t<\/div>\n\t\t<\/section>\n\t\t\t\t<section class=\"has_ma_el_bg_slider elementor-section elementor-top-section elementor-element elementor-element-a45ada5 elementor-section-boxed elementor-section-height-default elementor-section-height-default jltma-glass-effect-no\" data-id=\"a45ada5\" data-element_type=\"section\">\n\t\t\t\t\t\t<div class=\"elementor-container elementor-column-gap-default\">\n\t\t\t\t\t\t\t<div class=\"elementor-row\">\n\t\t\t\t\t<div class=\"has_ma_el_bg_slider elementor-column elementor-col-100 elementor-top-column elementor-element elementor-element-375ef80 jltma-glass-effect-no\" data-id=\"375ef80\" data-element_type=\"column\">\n\t\t\t<div class=\"elementor-column-wrap elementor-element-populated\">\n\t\t\t\t\t\t\t<div class=\"elementor-widget-wrap\">\n\t\t\t\t\t\t\t\t<\/div>\n\t\t\t\t\t<\/div>\n\t\t<\/div>\n\t\t\t\t\t\t\t\t<\/div>\n\t\t\t\t\t<\/div>\n\t\t<\/section>\n\t\t\t\t\t\t\t\t\t<\/div>\n\t\t\t<\/div>\n\t\t\t\t\t<\/div>\n\t\t","protected":false},"excerpt":{"rendered":"<p>Lits \u00ab\u00a0Les lignes douillettes, les t\u00eates rembourr\u00e9es et les finitions de qualit\u00e9 accueillent qui revient d\u2019un long voyage dans le style Alivar. Le lit en tant que centre de gravit\u00e9 permanent, comme lieu o\u00f9 retrouver la chaleur de la maison et ses propres certitudes. On s&rsquo;y \u00e9tend pour revivre avec l\u2019esprit et avec le c\u0153ur [&hellip;]<\/p>\n","protected":false},"author":1,"featured_media":0,"parent":0,"menu_order":0,"comment_status":"closed","ping_status":"closed","template":"elementor_header_footer","meta":{"footnotes":""},"class_list":["post-38075","page","type-page","status-publish","hentry"],"yoast_head":"<!-- This site is optimized with the Yoast SEO plugin v25.2 - https:\/\/yoast.com\/wordpress\/plugins\/seo\/ -->\n<title>Lits - Mvsevm<\/title>\n<meta name=\"robots\" content=\"index, follow, max-snippet:-1, max-image-preview:large, max-video-preview:-1\" \/>\n<link rel=\"canonical\" href=\"https:\/\/www.mvsevm.it\/fr\/lits\/\" \/>\n<meta property=\"og:locale\" content=\"fr_FR\" \/>\n<meta property=\"og:type\" content=\"article\" \/>\n<meta property=\"og:title\" content=\"Lits - Mvsevm\" \/>\n<meta property=\"og:description\" content=\"Lits \u00ab\u00a0Les lignes douillettes, les t\u00eates rembourr\u00e9es et les finitions de qualit\u00e9 accueillent qui revient d\u2019un long voyage dans le style Alivar. Le lit en tant que centre de gravit\u00e9 permanent, comme lieu o\u00f9 retrouver la chaleur de la maison et ses propres certitudes. On s&rsquo;y \u00e9tend pour revivre avec l\u2019esprit et avec le c\u0153ur [&hellip;]\" \/>\n<meta property=\"og:url\" content=\"https:\/\/www.mvsevm.it\/fr\/lits\/\" \/>\n<meta property=\"og:site_name\" content=\"Mvsevm\" \/>\n<meta property=\"article:modified_time\" content=\"2025-06-07T09:33:28+00:00\" \/>\n<meta name=\"twitter:card\" content=\"summary_large_image\" \/>\n<meta name=\"twitter:label1\" content=\"Dur\u00e9e de lecture estim\u00e9e\" \/>\n\t<meta name=\"twitter:data1\" content=\"1 minute\" \/>\n<script type=\"application\/ld+json\" class=\"yoast-schema-graph\">{\"@context\":\"https:\/\/schema.org\",\"@graph\":[{\"@type\":\"WebPage\",\"@id\":\"https:\/\/www.mvsevm.it\/fr\/lits\/\",\"url\":\"https:\/\/www.mvsevm.it\/fr\/lits\/\",\"name\":\"Lits - Mvsevm\",\"isPartOf\":{\"@id\":\"https:\/\/www.mvsevm.it\/fr\/#website\"},\"datePublished\":\"2021-05-12T12:52:02+00:00\",\"dateModified\":\"2025-06-07T09:33:28+00:00\",\"breadcrumb\":{\"@id\":\"https:\/\/www.mvsevm.it\/fr\/lits\/#breadcrumb\"},\"inLanguage\":\"fr-FR\",\"potentialAction\":[{\"@type\":\"ReadAction\",\"target\":[\"https:\/\/www.mvsevm.it\/fr\/lits\/\"]}]},{\"@type\":\"BreadcrumbList\",\"@id\":\"https:\/\/www.mvsevm.it\/fr\/lits\/#breadcrumb\",\"itemListElement\":[{\"@type\":\"ListItem\",\"position\":1,\"name\":\"Home\",\"item\":\"https:\/\/www.mvsevm.it\/fr\/\"},{\"@type\":\"ListItem\",\"position\":2,\"name\":\"Lits\"}]},{\"@type\":\"WebSite\",\"@id\":\"https:\/\/www.mvsevm.it\/fr\/#website\",\"url\":\"https:\/\/www.mvsevm.it\/fr\/\",\"name\":\"Mvsevm\",\"description\":\"Arredamento Moderno\",\"publisher\":{\"@id\":\"https:\/\/www.mvsevm.it\/fr\/#organization\"},\"potentialAction\":[{\"@type\":\"SearchAction\",\"target\":{\"@type\":\"EntryPoint\",\"urlTemplate\":\"https:\/\/www.mvsevm.it\/fr\/?s={search_term_string}\"},\"query-input\":{\"@type\":\"PropertyValueSpecification\",\"valueRequired\":true,\"valueName\":\"search_term_string\"}}],\"inLanguage\":\"fr-FR\"},{\"@type\":\"Organization\",\"@id\":\"https:\/\/www.mvsevm.it\/fr\/#organization\",\"name\":\"Mvsevm\",\"url\":\"https:\/\/www.mvsevm.it\/fr\/\",\"logo\":{\"@type\":\"ImageObject\",\"inLanguage\":\"fr-FR\",\"@id\":\"https:\/\/www.mvsevm.it\/fr\/#\/schema\/logo\/image\/\",\"url\":\"https:\/\/www.mvsevm.it\/wp-content\/uploads\/2021\/06\/cropped-mvsevm-logo-black1.png\",\"contentUrl\":\"https:\/\/www.mvsevm.it\/wp-content\/uploads\/2021\/06\/cropped-mvsevm-logo-black1.png\",\"width\":281,\"height\":80,\"caption\":\"Mvsevm\"},\"image\":{\"@id\":\"https:\/\/www.mvsevm.it\/fr\/#\/schema\/logo\/image\/\"}}]}<\/script>\n<!-- \/ Yoast SEO plugin. -->","yoast_head_json":{"title":"Lits - Mvsevm","robots":{"index":"index","follow":"follow","max-snippet":"max-snippet:-1","max-image-preview":"max-image-preview:large","max-video-preview":"max-video-preview:-1"},"canonical":"https:\/\/www.mvsevm.it\/fr\/lits\/","og_locale":"fr_FR","og_type":"article","og_title":"Lits - Mvsevm","og_description":"Lits \u00ab\u00a0Les lignes douillettes, les t\u00eates rembourr\u00e9es et les finitions de qualit\u00e9 accueillent qui revient d\u2019un long voyage dans le style Alivar. Le lit en tant que centre de gravit\u00e9 permanent, comme lieu o\u00f9 retrouver la chaleur de la maison et ses propres certitudes. On s&rsquo;y \u00e9tend pour revivre avec l\u2019esprit et avec le c\u0153ur [&hellip;]","og_url":"https:\/\/www.mvsevm.it\/fr\/lits\/","og_site_name":"Mvsevm","article_modified_time":"2025-06-07T09:33:28+00:00","twitter_card":"summary_large_image","twitter_misc":{"Dur\u00e9e de lecture estim\u00e9e":"1 minute"},"schema":{"@context":"https:\/\/schema.org","@graph":[{"@type":"WebPage","@id":"https:\/\/www.mvsevm.it\/fr\/lits\/","url":"https:\/\/www.mvsevm.it\/fr\/lits\/","name":"Lits - Mvsevm","isPartOf":{"@id":"https:\/\/www.mvsevm.it\/fr\/#website"},"datePublished":"2021-05-12T12:52:02+00:00","dateModified":"2025-06-07T09:33:28+00:00","breadcrumb":{"@id":"https:\/\/www.mvsevm.it\/fr\/lits\/#breadcrumb"},"inLanguage":"fr-FR","potentialAction":[{"@type":"ReadAction","target":["https:\/\/www.mvsevm.it\/fr\/lits\/"]}]},{"@type":"BreadcrumbList","@id":"https:\/\/www.mvsevm.it\/fr\/lits\/#breadcrumb","itemListElement":[{"@type":"ListItem","position":1,"name":"Home","item":"https:\/\/www.mvsevm.it\/fr\/"},{"@type":"ListItem","position":2,"name":"Lits"}]},{"@type":"WebSite","@id":"https:\/\/www.mvsevm.it\/fr\/#website","url":"https:\/\/www.mvsevm.it\/fr\/","name":"Mvsevm","description":"Arredamento Moderno","publisher":{"@id":"https:\/\/www.mvsevm.it\/fr\/#organization"},"potentialAction":[{"@type":"SearchAction","target":{"@type":"EntryPoint","urlTemplate":"https:\/\/www.mvsevm.it\/fr\/?s={search_term_string}"},"query-input":{"@type":"PropertyValueSpecification","valueRequired":true,"valueName":"search_term_string"}}],"inLanguage":"fr-FR"},{"@type":"Organization","@id":"https:\/\/www.mvsevm.it\/fr\/#organization","name":"Mvsevm","url":"https:\/\/www.mvsevm.it\/fr\/","logo":{"@type":"ImageObject","inLanguage":"fr-FR","@id":"https:\/\/www.mvsevm.it\/fr\/#\/schema\/logo\/image\/","url":"https:\/\/www.mvsevm.it\/wp-content\/uploads\/2021\/06\/cropped-mvsevm-logo-black1.png","contentUrl":"https:\/\/www.mvsevm.it\/wp-content\/uploads\/2021\/06\/cropped-mvsevm-logo-black1.png","width":281,"height":80,"caption":"Mvsevm"},"image":{"@id":"https:\/\/www.mvsevm.it\/fr\/#\/schema\/logo\/image\/"}}]}},"_links":{"self":[{"href":"https:\/\/www.mvsevm.it\/fr\/wp-json\/wp\/v2\/pages\/38075","targetHints":{"allow":["GET"]}}],"collection":[{"href":"https:\/\/www.mvsevm.it\/fr\/wp-json\/wp\/v2\/pages"}],"about":[{"href":"https:\/\/www.mvsevm.it\/fr\/wp-json\/wp\/v2\/types\/page"}],"author":[{"embeddable":true,"href":"https:\/\/www.mvsevm.it\/fr\/wp-json\/wp\/v2\/users\/1"}],"replies":[{"embeddable":true,"href":"https:\/\/www.mvsevm.it\/fr\/wp-json\/wp\/v2\/comments?post=38075"}],"version-history":[{"count":18,"href":"https:\/\/www.mvsevm.it\/fr\/wp-json\/wp\/v2\/pages\/38075\/revisions"}],"predecessor-version":[{"id":63793,"href":"https:\/\/www.mvsevm.it\/fr\/wp-json\/wp\/v2\/pages\/38075\/revisions\/63793"}],"wp:attachment":[{"href":"https:\/\/www.mvsevm.it\/fr\/wp-json\/wp\/v2\/media?parent=38075"}],"curies":[{"name":"wp","href":"https:\/\/api.w.org\/{rel}","templated":true}]}}