{"id":58514,"date":"2021-11-12T12:20:43","date_gmt":"2021-11-12T11:20:43","guid":{"rendered":"http:\/\/mvsevm.it\/news\/"},"modified":"2022-04-26T11:32:01","modified_gmt":"2022-04-26T09:32:01","slug":"news","status":"publish","type":"page","link":"https:\/\/www.mvsevm.it\/fr\/news\/","title":{"rendered":"News"},"content":{"rendered":"\t\t<div data-elementor-type=\"wp-page\" data-elementor-id=\"58514\" class=\"elementor elementor-58514 elementor-41622\" data-elementor-post-type=\"page\">\n\t\t\t\t\t\t<div class=\"elementor-inner\">\n\t\t\t\t<div class=\"elementor-section-wrap\">\n\t\t\t\t\t\t\t\t\t<section class=\"has_ma_el_bg_slider elementor-section elementor-top-section elementor-element elementor-element-7683e62 elementor-section-boxed elementor-section-height-default elementor-section-height-default jltma-glass-effect-no\" data-id=\"7683e62\" data-element_type=\"section\">\n\t\t\t\t\t\t<div class=\"elementor-container elementor-column-gap-default\">\n\t\t\t\t\t\t\t<div class=\"elementor-row\">\n\t\t\t\t\t<div class=\"has_ma_el_bg_slider elementor-column elementor-col-100 elementor-top-column elementor-element elementor-element-00b6514 jltma-glass-effect-no\" data-id=\"00b6514\" data-element_type=\"column\">\n\t\t\t<div class=\"elementor-column-wrap elementor-element-populated\">\n\t\t\t\t\t\t\t<div class=\"elementor-widget-wrap\">\n\t\t\t\t\t\t<div class=\"elementor-element elementor-element-955b42b pp-posts-image-stack-mobile jltma-glass-effect-no elementor-widget elementor-widget-pp-posts\" data-id=\"955b42b\" data-element_type=\"widget\" data-widget_type=\"pp-posts.checkerboard\">\n\t\t\t\t<div class=\"elementor-widget-container\">\n\t\t\t\t\t<div class=\"pp-posts-container\">\n\t\t\t\n\t\t\t\t\t\t\t\t\t\t\n\t\t\t<div class=\"pp-posts pp-posts-skin-checkerboard\" data-query-type=\"custom\" data-layout=\"grid\" data-page=\"58514\" data-skin=\"checkerboard\">\n\t\t\t\t\t\t\t\t\t\t\t<div class=\"pp-post-wrap pp-grid-item-wrap\">\n\t\t\t\t\t\t<div class=\"pp-post pp-grid-item\">\n\t\t\t\t\t\t<div class=\"pp-post-thumbnail\">\n\t\t\t<div class=\"pp-post-thumbnail-wrap\">\n\t\t\t\t<a href=\"https:\/\/www.mvsevm.it\/fr\/lara-stilwood\/\"><img loading=\"lazy\" decoding=\"async\" width=\"900\" height=\"651\" src=\"https:\/\/www.mvsevm.it\/wp-content\/uploads\/2022\/04\/Lara_22-1-1024x741.jpg\" class=\"attachment-large size-large wp-image-60939\" alt=\"Lara Stilwood | Mvsevm\" srcset=\"https:\/\/www.mvsevm.it\/wp-content\/uploads\/2022\/04\/Lara_22-1-1024x741.jpg 1024w, https:\/\/www.mvsevm.it\/wp-content\/uploads\/2022\/04\/Lara_22-1-300x217.jpg 300w, https:\/\/www.mvsevm.it\/wp-content\/uploads\/2022\/04\/Lara_22-1-768x556.jpg 768w, https:\/\/www.mvsevm.it\/wp-content\/uploads\/2022\/04\/Lara_22-1-600x434.jpg 600w, https:\/\/www.mvsevm.it\/wp-content\/uploads\/2022\/04\/Lara_22-1.jpg 1400w\" sizes=\"auto, (max-width: 900px) 100vw, 900px\" \/><\/a>\t\t\t<\/div>\n\t\t<\/div>\n\t\t\t\t\t\t<div class=\"pp-post-content-wrap\">\n\t\t\t\t\t<div class=\"pp-post-content\">\n\t\t\t\t\t\t\t\t\t\t<div class=\"pp-post-terms-wrap\">\n\t\t\t<span class=\"pp-post-terms\">\n\t\t\t\t<span class=\"pp-post-term\"><a href=\"https:\/\/www.mvsevm.it\/fr\/category\/news-fr\/\">News<\/a><\/span>\t\t\t<\/span>\n\t\t<\/div>\n\t\t\t\t\t\t\t\t\t\t<h2 class=\"pp-post-title\">\n\t\t\t\t<a href=\"https:\/\/www.mvsevm.it\/fr\/lara-stilwood\/\">Lara Stilwood<\/a>\t\t\t<\/h2>\n\t\t\t\t\t\t\t\t\t<div class=\"pp-post-meta\">\n\t\t\t\t\t\t\t<\/div>\n\t\t\t\t\t\t\t<div class=\"pp-post-excerpt\">\n\t\t\t<p>Lara Stilwood 1968 Mvsevm vient d\u2019acqu\u00e9rir en exclusivit\u00e9 la r\u00e9\u00e9dition du canap\u00e9 Lara, con\u00e7u en 1968 par Renato Toso, Noti &#8230;<\/p>\n\t\t<\/div>\n\t\t\t\t\t\t\t\t\t<\/div>\n\t\t\t\t<\/div>\n\t\t\t<\/div>\n\t\t\t\t\t<\/div>\n\t\t\t\t<div class=\"pp-post-wrap pp-grid-item-wrap\">\n\t\t\t\t\t\t<div class=\"pp-post pp-grid-item\">\n\t\t\t\t\t\t<div class=\"pp-post-thumbnail\">\n\t\t\t<div class=\"pp-post-thumbnail-wrap\">\n\t\t\t\t<a href=\"https:\/\/www.mvsevm.it\/fr\/video-mvsevm\/\"><img loading=\"lazy\" decoding=\"async\" width=\"900\" height=\"563\" src=\"https:\/\/www.mvsevm.it\/wp-content\/uploads\/2021\/09\/Saarinen_ct769_3.jpg\" class=\"attachment-large size-large wp-image-53358\" alt=\"Tavolo Saarinen | Mvsevm\" srcset=\"https:\/\/www.mvsevm.it\/wp-content\/uploads\/2021\/09\/Saarinen_ct769_3.jpg 960w, https:\/\/www.mvsevm.it\/wp-content\/uploads\/2021\/09\/Saarinen_ct769_3-300x188.jpg 300w, https:\/\/www.mvsevm.it\/wp-content\/uploads\/2021\/09\/Saarinen_ct769_3-768x480.jpg 768w, https:\/\/www.mvsevm.it\/wp-content\/uploads\/2021\/09\/Saarinen_ct769_3-600x375.jpg 600w\" sizes=\"auto, (max-width: 900px) 100vw, 900px\" \/><\/a>\t\t\t<\/div>\n\t\t<\/div>\n\t\t\t\t\t\t<div class=\"pp-post-content-wrap\">\n\t\t\t\t\t<div class=\"pp-post-content\">\n\t\t\t\t\t\t\t\t\t\t<div class=\"pp-post-terms-wrap\">\n\t\t\t<span class=\"pp-post-terms\">\n\t\t\t\t<span class=\"pp-post-term\"><a href=\"https:\/\/www.mvsevm.it\/fr\/category\/news-fr\/\">News<\/a><\/span>\t\t\t<\/span>\n\t\t<\/div>\n\t\t\t\t\t\t\t\t\t\t<h2 class=\"pp-post-title\">\n\t\t\t\t<a href=\"https:\/\/www.mvsevm.it\/fr\/video-mvsevm\/\">Video Mvsevm<\/a>\t\t\t<\/h2>\n\t\t\t\t\t\t\t\t\t<div class=\"pp-post-meta\">\n\t\t\t\t\t\t\t<\/div>\n\t\t\t\t\t\t\t<div class=\"pp-post-excerpt\">\n\t\t\t<p>D\u00e9couvrez le monde Mvsevm, plongez-vous dans le style contemporain n\u00e9 de l&rsquo;exp\u00e9rience et de l&rsquo;excellence italienne dans le domaine du design d&rsquo;int\u00e9rieur.<br \/>\nAcc\u00e9dez \u00e0 notre cha\u00eene YouTube pour rester \u00e0 jour avec notre contenu vid\u00e9o.<\/p>\n\t\t<\/div>\n\t\t\t\t\t\t\t\t\t<\/div>\n\t\t\t\t<\/div>\n\t\t\t<\/div>\n\t\t\t\t\t<\/div>\n\t\t\t\t<div class=\"pp-post-wrap pp-grid-item-wrap\">\n\t\t\t\t\t\t<div class=\"pp-post pp-grid-item\">\n\t\t\t\t\t\t<div class=\"pp-post-thumbnail\">\n\t\t\t<div class=\"pp-post-thumbnail-wrap\">\n\t\t\t\t<a href=\"https:\/\/www.mvsevm.it\/fr\/glasshouse-etajima\/\"><img loading=\"lazy\" decoding=\"async\" width=\"885\" height=\"664\" src=\"https:\/\/www.mvsevm.it\/wp-content\/uploads\/2021\/05\/2.jpg\" class=\"attachment-large size-large wp-image-49168\" alt=\"\" srcset=\"https:\/\/www.mvsevm.it\/wp-content\/uploads\/2021\/05\/2.jpg 885w, https:\/\/www.mvsevm.it\/wp-content\/uploads\/2021\/05\/2-300x225.jpg 300w, https:\/\/www.mvsevm.it\/wp-content\/uploads\/2021\/05\/2-768x576.jpg 768w, https:\/\/www.mvsevm.it\/wp-content\/uploads\/2021\/05\/2-600x450.jpg 600w\" sizes=\"auto, (max-width: 885px) 100vw, 885px\" \/><\/a>\t\t\t<\/div>\n\t\t<\/div>\n\t\t\t\t\t\t<div class=\"pp-post-content-wrap\">\n\t\t\t\t\t<div class=\"pp-post-content\">\n\t\t\t\t\t\t\t\t\t\t<div class=\"pp-post-terms-wrap\">\n\t\t\t<span class=\"pp-post-terms\">\n\t\t\t\t<span class=\"pp-post-term\"><a href=\"https:\/\/www.mvsevm.it\/fr\/category\/progetti\/\">Progetti<\/a><\/span>\t\t\t<\/span>\n\t\t<\/div>\n\t\t\t\t\t\t\t\t\t\t<h2 class=\"pp-post-title\">\n\t\t\t\t<a href=\"https:\/\/www.mvsevm.it\/fr\/glasshouse-etajima\/\">GlassHouse, Etajima<\/a>\t\t\t<\/h2>\n\t\t\t\t\t\t\t\t\t<div class=\"pp-post-meta\">\n\t\t\t\t\t\t\t<\/div>\n\t\t\t\t\t\t\t<div class=\"pp-post-excerpt\">\n\t\t\t<p>GlassHouse, Etajima Notre nouveau projet &#8211; GlassHouse. Photos illustratives de la \u00ab\u00a0Maison de Verre\u00a0\u00bb \u00e0 Etajima \/ Japon.<\/p>\n\t\t<\/div>\n\t\t\t\t\t\t\t\t\t<\/div>\n\t\t\t\t<\/div>\n\t\t\t<\/div>\n\t\t\t\t\t<\/div>\n\t\t\t\t<div class=\"pp-post-wrap pp-grid-item-wrap\">\n\t\t\t\t\t\t<div class=\"pp-post pp-grid-item\">\n\t\t\t\t\t\t<div class=\"pp-post-thumbnail\">\n\t\t\t<div class=\"pp-post-thumbnail-wrap\">\n\t\t\t\t<a href=\"https:\/\/www.mvsevm.it\/fr\/bauhaus-dessau-allemagne\/\"><img loading=\"lazy\" decoding=\"async\" width=\"900\" height=\"675\" src=\"https:\/\/www.mvsevm.it\/wp-content\/uploads\/2021\/09\/Bauhaus-Germania-1024x768.jpg\" class=\"attachment-large size-large wp-image-51522\" alt=\"\" srcset=\"https:\/\/www.mvsevm.it\/wp-content\/uploads\/2021\/09\/Bauhaus-Germania-1024x768.jpg 1024w, https:\/\/www.mvsevm.it\/wp-content\/uploads\/2021\/09\/Bauhaus-Germania-300x225.jpg 300w, https:\/\/www.mvsevm.it\/wp-content\/uploads\/2021\/09\/Bauhaus-Germania-768x576.jpg 768w, https:\/\/www.mvsevm.it\/wp-content\/uploads\/2021\/09\/Bauhaus-Germania-1536x1152.jpg 1536w, https:\/\/www.mvsevm.it\/wp-content\/uploads\/2021\/09\/Bauhaus-Germania-600x450.jpg 600w, https:\/\/www.mvsevm.it\/wp-content\/uploads\/2021\/09\/Bauhaus-Germania.jpg 1920w\" sizes=\"auto, (max-width: 900px) 100vw, 900px\" \/><\/a>\t\t\t<\/div>\n\t\t<\/div>\n\t\t\t\t\t\t<div class=\"pp-post-content-wrap\">\n\t\t\t\t\t<div class=\"pp-post-content\">\n\t\t\t\t\t\t\t\t\t\t<div class=\"pp-post-terms-wrap\">\n\t\t\t<span class=\"pp-post-terms\">\n\t\t\t\t<span class=\"pp-post-term\"><a href=\"https:\/\/www.mvsevm.it\/fr\/category\/progetti\/\">Progetti<\/a><\/span>\t\t\t<\/span>\n\t\t<\/div>\n\t\t\t\t\t\t\t\t\t\t<h2 class=\"pp-post-title\">\n\t\t\t\t<a href=\"https:\/\/www.mvsevm.it\/fr\/bauhaus-dessau-allemagne\/\">Bauhaus dessau, Allemagne<\/a>\t\t\t<\/h2>\n\t\t\t\t\t\t\t\t\t<div class=\"pp-post-meta\">\n\t\t\t\t\t\t\t<\/div>\n\t\t\t\t\t\t\t<div class=\"pp-post-excerpt\">\n\t\t\t<p>Bauhaus di Dessau a Maximilian-Park Hamm\/Westfalia, Allemagne Notre nouveau projet &#8211; Bauhaus di Dessau.Exposition sur la Bauhaus de Dessau \u00e0 &#8230;<\/p>\n\t\t<\/div>\n\t\t\t\t\t\t\t\t\t<\/div>\n\t\t\t\t<\/div>\n\t\t\t<\/div>\n\t\t\t\t\t<\/div>\n\t\t\t\t<div class=\"pp-post-wrap pp-grid-item-wrap\">\n\t\t\t\t\t\t<div class=\"pp-post pp-grid-item\">\n\t\t\t\t\t\t<div class=\"pp-post-thumbnail\">\n\t\t\t<div class=\"pp-post-thumbnail-wrap\">\n\t\t\t\t<a href=\"https:\/\/www.mvsevm.it\/fr\/grand-hotel-valencia-palace\/\"><img loading=\"lazy\" decoding=\"async\" width=\"900\" height=\"675\" src=\"https:\/\/www.mvsevm.it\/wp-content\/uploads\/2021\/09\/Gran-Hotel-Valencia-Spagna-1024x768.jpg\" class=\"attachment-large size-large wp-image-51551\" alt=\"\" srcset=\"https:\/\/www.mvsevm.it\/wp-content\/uploads\/2021\/09\/Gran-Hotel-Valencia-Spagna-1024x768.jpg 1024w, https:\/\/www.mvsevm.it\/wp-content\/uploads\/2021\/09\/Gran-Hotel-Valencia-Spagna-300x225.jpg 300w, https:\/\/www.mvsevm.it\/wp-content\/uploads\/2021\/09\/Gran-Hotel-Valencia-Spagna-768x576.jpg 768w, https:\/\/www.mvsevm.it\/wp-content\/uploads\/2021\/09\/Gran-Hotel-Valencia-Spagna-1536x1152.jpg 1536w, https:\/\/www.mvsevm.it\/wp-content\/uploads\/2021\/09\/Gran-Hotel-Valencia-Spagna-600x450.jpg 600w, https:\/\/www.mvsevm.it\/wp-content\/uploads\/2021\/09\/Gran-Hotel-Valencia-Spagna.jpg 1920w\" sizes=\"auto, (max-width: 900px) 100vw, 900px\" \/><\/a>\t\t\t<\/div>\n\t\t<\/div>\n\t\t\t\t\t\t<div class=\"pp-post-content-wrap\">\n\t\t\t\t\t<div class=\"pp-post-content\">\n\t\t\t\t\t\t\t\t\t\t<div class=\"pp-post-terms-wrap\">\n\t\t\t<span class=\"pp-post-terms\">\n\t\t\t\t<span class=\"pp-post-term\"><a href=\"https:\/\/www.mvsevm.it\/fr\/category\/progetti\/\">Progetti<\/a><\/span>\t\t\t<\/span>\n\t\t<\/div>\n\t\t\t\t\t\t\t\t\t\t<h2 class=\"pp-post-title\">\n\t\t\t\t<a href=\"https:\/\/www.mvsevm.it\/fr\/grand-hotel-valencia-palace\/\">Grand Hotel Valencia Palace<\/a>\t\t\t<\/h2>\n\t\t\t\t\t\t\t\t\t<div class=\"pp-post-meta\">\n\t\t\t\t\t\t\t<\/div>\n\t\t\t\t\t\t\t<div class=\"pp-post-excerpt\">\n\t\t\t<p>Grand Hotel Valencia Palace Notre nouveau projet &#8211; Grand Hotel Valencia Palace.Vue du hall du \u00ab\u00a0Grand Hotel Valencia Palace\u00a0\u00bb, Valence, &#8230;<\/p>\n\t\t<\/div>\n\t\t\t\t\t\t\t\t\t<\/div>\n\t\t\t\t<\/div>\n\t\t\t<\/div>\n\t\t\t\t\t<\/div>\n\t\t\t\t<div class=\"pp-post-wrap pp-grid-item-wrap\">\n\t\t\t\t\t\t<div class=\"pp-post pp-grid-item\">\n\t\t\t\t\t\t<div class=\"pp-post-thumbnail\">\n\t\t\t<div class=\"pp-post-thumbnail-wrap\">\n\t\t\t\t<a href=\"https:\/\/www.mvsevm.it\/fr\/hotel-kensington-londres\/\"><img loading=\"lazy\" decoding=\"async\" width=\"900\" height=\"675\" src=\"https:\/\/www.mvsevm.it\/wp-content\/uploads\/2021\/09\/Hotel-Kensigton-UK-1024x768.jpg\" class=\"attachment-large size-large wp-image-51619\" alt=\"\" srcset=\"https:\/\/www.mvsevm.it\/wp-content\/uploads\/2021\/09\/Hotel-Kensigton-UK-1024x768.jpg 1024w, https:\/\/www.mvsevm.it\/wp-content\/uploads\/2021\/09\/Hotel-Kensigton-UK-300x225.jpg 300w, https:\/\/www.mvsevm.it\/wp-content\/uploads\/2021\/09\/Hotel-Kensigton-UK-768x576.jpg 768w, https:\/\/www.mvsevm.it\/wp-content\/uploads\/2021\/09\/Hotel-Kensigton-UK-1536x1152.jpg 1536w, https:\/\/www.mvsevm.it\/wp-content\/uploads\/2021\/09\/Hotel-Kensigton-UK-600x450.jpg 600w, https:\/\/www.mvsevm.it\/wp-content\/uploads\/2021\/09\/Hotel-Kensigton-UK.jpg 1920w\" sizes=\"auto, (max-width: 900px) 100vw, 900px\" \/><\/a>\t\t\t<\/div>\n\t\t<\/div>\n\t\t\t\t\t\t<div class=\"pp-post-content-wrap\">\n\t\t\t\t\t<div class=\"pp-post-content\">\n\t\t\t\t\t\t\t\t\t\t<div class=\"pp-post-terms-wrap\">\n\t\t\t<span class=\"pp-post-terms\">\n\t\t\t\t<span class=\"pp-post-term\"><a href=\"https:\/\/www.mvsevm.it\/fr\/category\/progetti\/\">Progetti<\/a><\/span>\t\t\t<\/span>\n\t\t<\/div>\n\t\t\t\t\t\t\t\t\t\t<h2 class=\"pp-post-title\">\n\t\t\t\t<a href=\"https:\/\/www.mvsevm.it\/fr\/hotel-kensington-londres\/\">Hotel Kensington, Londres<\/a>\t\t\t<\/h2>\n\t\t\t\t\t\t\t\t\t<div class=\"pp-post-meta\">\n\t\t\t\t\t\t\t<\/div>\n\t\t\t\t\t\t\t<div class=\"pp-post-excerpt\">\n\t\t\t<p>Hotel kensington Notre nouveau projet &#8211; Hotel\u00a0Kensington. D\u00e9tail du hall de l&rsquo;h\u00f4tel Kengsigton \u00e0 Londres, Grande-Bretagne.<\/p>\n\t\t<\/div>\n\t\t\t\t\t\t\t\t\t<\/div>\n\t\t\t\t<\/div>\n\t\t\t<\/div>\n\t\t\t\t\t<\/div>\n\t\t\t\t\t\t\t\t\t<\/div>\n\t\t\t\n\t\t\t\n\t\t\t\n\t\t\t\n\t\t\t\t\t\t\t\t\t\t\t\t<\/div>\n\n\t\t\n\t\t\t\t<\/div>\n\t\t\t\t<\/div>\n\t\t\t\t<div class=\"elementor-element elementor-element-fe835d9 jltma-glass-effect-no elementor-widget elementor-widget-spacer\" data-id=\"fe835d9\" data-element_type=\"widget\" data-widget_type=\"spacer.default\">\n\t\t\t\t<div class=\"elementor-widget-container\">\n\t\t\t\t\t<div class=\"elementor-spacer\">\n\t\t\t<div class=\"elementor-spacer-inner\"><\/div>\n\t\t<\/div>\n\t\t\t\t<\/div>\n\t\t\t\t<\/div>\n\t\t\t\t\t\t<\/div>\n\t\t\t\t\t<\/div>\n\t\t<\/div>\n\t\t\t\t\t\t\t\t<\/div>\n\t\t\t\t\t<\/div>\n\t\t<\/section>\n\t\t\t\t\t\t\t\t\t<\/div>\n\t\t\t<\/div>\n\t\t\t\t\t<\/div>\n\t\t","protected":false},"excerpt":{"rendered":"<p>News Video Mvsevm Discover the Mvsevm world, immerse yourself in the contemporary style born from the experience and Italian excellence of Interior Design. Enter in our YouTube channel to stay updated with our video content. Progetti Harmont&#038;Blaine Harmont&amp;Blaine Oour project &#8211; Harmont&amp;Blaine. In the centre of Milan, the Harmont &#038; Blaine boutique, a historical space [&hellip;]<\/p>\n","protected":false},"author":1,"featured_media":0,"parent":0,"menu_order":0,"comment_status":"closed","ping_status":"closed","template":"","meta":{"footnotes":""},"class_list":["post-58514","page","type-page","status-publish","hentry"],"yoast_head":"<!-- This site is optimized with the Yoast SEO plugin v25.2 - https:\/\/yoast.com\/wordpress\/plugins\/seo\/ -->\n<title>News - Mvsevm<\/title>\n<meta name=\"robots\" content=\"index, follow, max-snippet:-1, max-image-preview:large, max-video-preview:-1\" \/>\n<link rel=\"canonical\" href=\"https:\/\/www.mvsevm.it\/fr\/news\/\" \/>\n<meta property=\"og:locale\" content=\"fr_FR\" \/>\n<meta property=\"og:type\" content=\"article\" \/>\n<meta property=\"og:title\" content=\"News - Mvsevm\" \/>\n<meta property=\"og:description\" content=\"News Video Mvsevm Discover the Mvsevm world, immerse yourself in the contemporary style born from the experience and Italian excellence of Interior Design. Enter in our YouTube channel to stay updated with our video content. Progetti Harmont&#038;Blaine Harmont&amp;Blaine Oour project &#8211; Harmont&amp;Blaine. In the centre of Milan, the Harmont &#038; Blaine boutique, a historical space [&hellip;]\" \/>\n<meta property=\"og:url\" content=\"https:\/\/www.mvsevm.it\/fr\/news\/\" \/>\n<meta property=\"og:site_name\" content=\"Mvsevm\" \/>\n<meta property=\"article:modified_time\" content=\"2022-04-26T09:32:01+00:00\" \/>\n<meta property=\"og:image\" content=\"http:\/\/mvsevm.it\/wp-content\/uploads\/2021\/09\/Saarinen_ct769_3.jpg\" \/>\n<meta name=\"twitter:card\" content=\"summary_large_image\" \/>\n<meta name=\"twitter:label1\" content=\"Dur\u00e9e de lecture estim\u00e9e\" \/>\n\t<meta name=\"twitter:data1\" content=\"1 minute\" \/>\n<script type=\"application\/ld+json\" class=\"yoast-schema-graph\">{\"@context\":\"https:\/\/schema.org\",\"@graph\":[{\"@type\":\"WebPage\",\"@id\":\"https:\/\/www.mvsevm.it\/fr\/news\/\",\"url\":\"https:\/\/www.mvsevm.it\/fr\/news\/\",\"name\":\"News - Mvsevm\",\"isPartOf\":{\"@id\":\"https:\/\/www.mvsevm.it\/fr\/#website\"},\"primaryImageOfPage\":{\"@id\":\"https:\/\/www.mvsevm.it\/fr\/news\/#primaryimage\"},\"image\":{\"@id\":\"https:\/\/www.mvsevm.it\/fr\/news\/#primaryimage\"},\"thumbnailUrl\":\"http:\/\/mvsevm.it\/wp-content\/uploads\/2021\/09\/Saarinen_ct769_3.jpg\",\"datePublished\":\"2021-11-12T11:20:43+00:00\",\"dateModified\":\"2022-04-26T09:32:01+00:00\",\"breadcrumb\":{\"@id\":\"https:\/\/www.mvsevm.it\/fr\/news\/#breadcrumb\"},\"inLanguage\":\"fr-FR\",\"potentialAction\":[{\"@type\":\"ReadAction\",\"target\":[\"https:\/\/www.mvsevm.it\/fr\/news\/\"]}]},{\"@type\":\"ImageObject\",\"inLanguage\":\"fr-FR\",\"@id\":\"https:\/\/www.mvsevm.it\/fr\/news\/#primaryimage\",\"url\":\"http:\/\/mvsevm.it\/wp-content\/uploads\/2021\/09\/Saarinen_ct769_3.jpg\",\"contentUrl\":\"http:\/\/mvsevm.it\/wp-content\/uploads\/2021\/09\/Saarinen_ct769_3.jpg\"},{\"@type\":\"BreadcrumbList\",\"@id\":\"https:\/\/www.mvsevm.it\/fr\/news\/#breadcrumb\",\"itemListElement\":[{\"@type\":\"ListItem\",\"position\":1,\"name\":\"Home\",\"item\":\"https:\/\/www.mvsevm.it\/fr\/\"},{\"@type\":\"ListItem\",\"position\":2,\"name\":\"News\"}]},{\"@type\":\"WebSite\",\"@id\":\"https:\/\/www.mvsevm.it\/fr\/#website\",\"url\":\"https:\/\/www.mvsevm.it\/fr\/\",\"name\":\"Mvsevm\",\"description\":\"Arredamento Moderno\",\"publisher\":{\"@id\":\"https:\/\/www.mvsevm.it\/fr\/#organization\"},\"potentialAction\":[{\"@type\":\"SearchAction\",\"target\":{\"@type\":\"EntryPoint\",\"urlTemplate\":\"https:\/\/www.mvsevm.it\/fr\/?s={search_term_string}\"},\"query-input\":{\"@type\":\"PropertyValueSpecification\",\"valueRequired\":true,\"valueName\":\"search_term_string\"}}],\"inLanguage\":\"fr-FR\"},{\"@type\":\"Organization\",\"@id\":\"https:\/\/www.mvsevm.it\/fr\/#organization\",\"name\":\"Mvsevm\",\"url\":\"https:\/\/www.mvsevm.it\/fr\/\",\"logo\":{\"@type\":\"ImageObject\",\"inLanguage\":\"fr-FR\",\"@id\":\"https:\/\/www.mvsevm.it\/fr\/#\/schema\/logo\/image\/\",\"url\":\"https:\/\/www.mvsevm.it\/wp-content\/uploads\/2021\/06\/cropped-mvsevm-logo-black1.png\",\"contentUrl\":\"https:\/\/www.mvsevm.it\/wp-content\/uploads\/2021\/06\/cropped-mvsevm-logo-black1.png\",\"width\":281,\"height\":80,\"caption\":\"Mvsevm\"},\"image\":{\"@id\":\"https:\/\/www.mvsevm.it\/fr\/#\/schema\/logo\/image\/\"}}]}<\/script>\n<!-- \/ Yoast SEO plugin. -->","yoast_head_json":{"title":"News - Mvsevm","robots":{"index":"index","follow":"follow","max-snippet":"max-snippet:-1","max-image-preview":"max-image-preview:large","max-video-preview":"max-video-preview:-1"},"canonical":"https:\/\/www.mvsevm.it\/fr\/news\/","og_locale":"fr_FR","og_type":"article","og_title":"News - Mvsevm","og_description":"News Video Mvsevm Discover the Mvsevm world, immerse yourself in the contemporary style born from the experience and Italian excellence of Interior Design. Enter in our YouTube channel to stay updated with our video content. Progetti Harmont&#038;Blaine Harmont&amp;Blaine Oour project &#8211; Harmont&amp;Blaine. In the centre of Milan, the Harmont &#038; Blaine boutique, a historical space [&hellip;]","og_url":"https:\/\/www.mvsevm.it\/fr\/news\/","og_site_name":"Mvsevm","article_modified_time":"2022-04-26T09:32:01+00:00","og_image":[{"url":"http:\/\/mvsevm.it\/wp-content\/uploads\/2021\/09\/Saarinen_ct769_3.jpg","type":"","width":"","height":""}],"twitter_card":"summary_large_image","twitter_misc":{"Dur\u00e9e de lecture estim\u00e9e":"1 minute"},"schema":{"@context":"https:\/\/schema.org","@graph":[{"@type":"WebPage","@id":"https:\/\/www.mvsevm.it\/fr\/news\/","url":"https:\/\/www.mvsevm.it\/fr\/news\/","name":"News - Mvsevm","isPartOf":{"@id":"https:\/\/www.mvsevm.it\/fr\/#website"},"primaryImageOfPage":{"@id":"https:\/\/www.mvsevm.it\/fr\/news\/#primaryimage"},"image":{"@id":"https:\/\/www.mvsevm.it\/fr\/news\/#primaryimage"},"thumbnailUrl":"http:\/\/mvsevm.it\/wp-content\/uploads\/2021\/09\/Saarinen_ct769_3.jpg","datePublished":"2021-11-12T11:20:43+00:00","dateModified":"2022-04-26T09:32:01+00:00","breadcrumb":{"@id":"https:\/\/www.mvsevm.it\/fr\/news\/#breadcrumb"},"inLanguage":"fr-FR","potentialAction":[{"@type":"ReadAction","target":["https:\/\/www.mvsevm.it\/fr\/news\/"]}]},{"@type":"ImageObject","inLanguage":"fr-FR","@id":"https:\/\/www.mvsevm.it\/fr\/news\/#primaryimage","url":"http:\/\/mvsevm.it\/wp-content\/uploads\/2021\/09\/Saarinen_ct769_3.jpg","contentUrl":"http:\/\/mvsevm.it\/wp-content\/uploads\/2021\/09\/Saarinen_ct769_3.jpg"},{"@type":"BreadcrumbList","@id":"https:\/\/www.mvsevm.it\/fr\/news\/#breadcrumb","itemListElement":[{"@type":"ListItem","position":1,"name":"Home","item":"https:\/\/www.mvsevm.it\/fr\/"},{"@type":"ListItem","position":2,"name":"News"}]},{"@type":"WebSite","@id":"https:\/\/www.mvsevm.it\/fr\/#website","url":"https:\/\/www.mvsevm.it\/fr\/","name":"Mvsevm","description":"Arredamento Moderno","publisher":{"@id":"https:\/\/www.mvsevm.it\/fr\/#organization"},"potentialAction":[{"@type":"SearchAction","target":{"@type":"EntryPoint","urlTemplate":"https:\/\/www.mvsevm.it\/fr\/?s={search_term_string}"},"query-input":{"@type":"PropertyValueSpecification","valueRequired":true,"valueName":"search_term_string"}}],"inLanguage":"fr-FR"},{"@type":"Organization","@id":"https:\/\/www.mvsevm.it\/fr\/#organization","name":"Mvsevm","url":"https:\/\/www.mvsevm.it\/fr\/","logo":{"@type":"ImageObject","inLanguage":"fr-FR","@id":"https:\/\/www.mvsevm.it\/fr\/#\/schema\/logo\/image\/","url":"https:\/\/www.mvsevm.it\/wp-content\/uploads\/2021\/06\/cropped-mvsevm-logo-black1.png","contentUrl":"https:\/\/www.mvsevm.it\/wp-content\/uploads\/2021\/06\/cropped-mvsevm-logo-black1.png","width":281,"height":80,"caption":"Mvsevm"},"image":{"@id":"https:\/\/www.mvsevm.it\/fr\/#\/schema\/logo\/image\/"}}]}},"_links":{"self":[{"href":"https:\/\/www.mvsevm.it\/fr\/wp-json\/wp\/v2\/pages\/58514","targetHints":{"allow":["GET"]}}],"collection":[{"href":"https:\/\/www.mvsevm.it\/fr\/wp-json\/wp\/v2\/pages"}],"about":[{"href":"https:\/\/www.mvsevm.it\/fr\/wp-json\/wp\/v2\/types\/page"}],"author":[{"embeddable":true,"href":"https:\/\/www.mvsevm.it\/fr\/wp-json\/wp\/v2\/users\/1"}],"replies":[{"embeddable":true,"href":"https:\/\/www.mvsevm.it\/fr\/wp-json\/wp\/v2\/comments?post=58514"}],"version-history":[{"count":4,"href":"https:\/\/www.mvsevm.it\/fr\/wp-json\/wp\/v2\/pages\/58514\/revisions"}],"predecessor-version":[{"id":61255,"href":"https:\/\/www.mvsevm.it\/fr\/wp-json\/wp\/v2\/pages\/58514\/revisions\/61255"}],"wp:attachment":[{"href":"https:\/\/www.mvsevm.it\/fr\/wp-json\/wp\/v2\/media?parent=58514"}],"curies":[{"name":"wp","href":"https:\/\/api.w.org\/{rel}","templated":true}]}}